{"id":5683,"date":"2022-07-18T15:41:13","date_gmt":"2022-07-18T13:41:13","guid":{"rendered":"https:\/\/www.ergofast.se\/produkter\/?page_id=5683"},"modified":"2023-08-22T16:23:28","modified_gmt":"2023-08-22T14:23:28","slug":"verktyg-och-andra-produkter-for-trahusbyggande","status":"publish","type":"page","link":"https:\/\/www.ergofast.se\/produkter\/trabyggnation\/verktyg-och-andra-produkter-for-trahusbyggande\/","title":{"rendered":"Verktyg och andra produkter"},"content":{"rendered":"<div class=\"wpb-content-wrapper\"><p>[vc_row][vc_column width=&#8221;2\/3&#8243;][vc_column_text]<\/p>\n<h1>Smarta verktyg och ankarpunkter f\u00f6r modernt och s\u00e4kert tr\u00e4byggande<\/h1>\n<p>[\/vc_column_text][vc_column_text]Rothoblaas \/ Holz Technic har utvecklat en m\u00e4ngd smarta verktyg och tillbeh\u00f6r f\u00f6r modernt och s\u00e4ker tr\u00e4husbyggande. Verktyg som du helt enkelt inte vill vara utan. Precis som alla andra produkter fr\u00e5n Rothoblaas \/ Holz Technic h\u00e5ller de h\u00f6g klass.<\/p>\n<p>Vi erbjuder verktyg f\u00f6r sammanfogning av stora block, lyftdon men ocks\u00e5 borrjiggar f\u00f6r rationellt arbete p\u00e5 stommen. Vi erbjuder ocks\u00e5 f\u00e4stanordningar f\u00f6r fallskyddsutrustning vid arbete p\u00e5 h\u00f6jd.[\/vc_column_text][\/vc_column][vc_column width=&#8221;1\/3&#8243;][\/vc_column][\/vc_row]<\/p><\/div>","protected":false},"excerpt":{"rendered":"<p>[vc_row][vc_column width=&#8221;2\/3&#8243;][vc_column_text] Smarta verktyg och ankarpunkter f\u00f6r modernt och s\u00e4kert tr\u00e4byggande [\/vc_column_text][vc_column_text]Rothoblaas \/ Holz Technic har utvecklat en m\u00e4ngd smarta verktyg och tillbeh\u00f6r f\u00f6r modernt och s\u00e4ker tr\u00e4husbyggande. Verktyg som du helt enkelt inte vill vara utan. Precis som alla andra produkter fr\u00e5n Rothoblaas \/ Holz Technic h\u00e5ller de h\u00f6g klass. Vi erbjuder verktyg f\u00f6r <a class=\"read-more\" href=\"https:\/\/www.ergofast.se\/produkter\/trabyggnation\/verktyg-och-andra-produkter-for-trahusbyggande\/\">&hellip;<\/a><\/p>","protected":false},"author":1,"featured_media":5704,"parent":3657,"menu_order":0,"comment_status":"closed","ping_status":"closed","template":"templates\/product-category-page.php","meta":{"_acf_changed":false,"footnotes":""},"class_list":["post-5683","page","type-page","status-publish","has-post-thumbnail","hentry"],"acf":[],"yoast_head":"<!-- This site is optimized with the Yoast SEO plugin v26.4 - https:\/\/yoast.com\/wordpress\/plugins\/seo\/ -->\n<title>Verktyg och andra produkter f\u00f6r tr\u00e4husbyggande fr\u00e5n Holz Technic<\/title>\n<meta name=\"description\" content=\"Rothoblaas \/ Holz Technic erbjuder smarta verktyg, lyftdon och s\u00e4kerhetstillbeh\u00f6r f\u00f6r smart och rationellt tr\u00e4husbyggande.\" \/>\n<meta name=\"robots\" content=\"index, follow, max-snippet:-1, max-image-preview:large, max-video-preview:-1\" \/>\n<link rel=\"canonical\" href=\"https:\/\/www.ergofast.se\/produkter\/trabyggnation\/verktyg-och-andra-produkter-for-trahusbyggande\/\" \/>\n<meta property=\"og:locale\" content=\"sv_SE\" \/>\n<meta property=\"og:type\" content=\"article\" \/>\n<meta property=\"og:title\" content=\"Verktyg och andra produkter f\u00f6r tr\u00e4husbyggande fr\u00e5n Holz Technic\" \/>\n<meta property=\"og:description\" content=\"Rothoblaas \/ Holz Technic erbjuder smarta verktyg, lyftdon och s\u00e4kerhetstillbeh\u00f6r f\u00f6r smart och rationellt tr\u00e4husbyggande.\" \/>\n<meta property=\"og:url\" content=\"https:\/\/www.ergofast.se\/produkter\/trabyggnation\/verktyg-och-andra-produkter-for-trahusbyggande\/\" \/>\n<meta property=\"og:site_name\" content=\"Ergofast\" \/>\n<meta property=\"article:modified_time\" content=\"2023-08-22T14:23:28+00:00\" \/>\n<meta property=\"og:image\" content=\"https:\/\/www.ergofast.se\/produkter\/wp-content\/uploads\/2022\/07\/1920x1080px_WASP_RA2.jpg\" \/>\n\t<meta property=\"og:image:width\" content=\"1920\" \/>\n\t<meta property=\"og:image:height\" content=\"1080\" \/>\n\t<meta property=\"og:image:type\" content=\"image\/jpeg\" \/>\n<meta name=\"twitter:card\" content=\"summary_large_image\" \/>\n<meta name=\"twitter:label1\" content=\"Ber\u00e4knad l\u00e4stid\" \/>\n\t<meta name=\"twitter:data1\" content=\"1 minut\" \/>\n<script type=\"application\/ld+json\" class=\"yoast-schema-graph\">{\"@context\":\"https:\/\/schema.org\",\"@graph\":[{\"@type\":\"WebPage\",\"@id\":\"https:\/\/www.ergofast.se\/produkter\/trabyggnation\/verktyg-och-andra-produkter-for-trahusbyggande\/\",\"url\":\"https:\/\/www.ergofast.se\/produkter\/trabyggnation\/verktyg-och-andra-produkter-for-trahusbyggande\/\",\"name\":\"Verktyg och andra produkter f\u00f6r tr\u00e4husbyggande fr\u00e5n Holz Technic\",\"isPartOf\":{\"@id\":\"https:\/\/www.ergofast.se\/produkter\/#website\"},\"primaryImageOfPage\":{\"@id\":\"https:\/\/www.ergofast.se\/produkter\/trabyggnation\/verktyg-och-andra-produkter-for-trahusbyggande\/#primaryimage\"},\"image\":{\"@id\":\"https:\/\/www.ergofast.se\/produkter\/trabyggnation\/verktyg-och-andra-produkter-for-trahusbyggande\/#primaryimage\"},\"thumbnailUrl\":\"https:\/\/www.ergofast.se\/produkter\/wp-content\/uploads\/2022\/07\/1920x1080px_WASP_RA2.jpg\",\"datePublished\":\"2022-07-18T13:41:13+00:00\",\"dateModified\":\"2023-08-22T14:23:28+00:00\",\"description\":\"Rothoblaas \/ Holz Technic erbjuder smarta verktyg, lyftdon och s\u00e4kerhetstillbeh\u00f6r f\u00f6r smart och rationellt tr\u00e4husbyggande.\",\"breadcrumb\":{\"@id\":\"https:\/\/www.ergofast.se\/produkter\/trabyggnation\/verktyg-och-andra-produkter-for-trahusbyggande\/#breadcrumb\"},\"inLanguage\":\"sv-SE\",\"potentialAction\":[{\"@type\":\"ReadAction\",\"target\":[\"https:\/\/www.ergofast.se\/produkter\/trabyggnation\/verktyg-och-andra-produkter-for-trahusbyggande\/\"]}]},{\"@type\":\"ImageObject\",\"inLanguage\":\"sv-SE\",\"@id\":\"https:\/\/www.ergofast.se\/produkter\/trabyggnation\/verktyg-och-andra-produkter-for-trahusbyggande\/#primaryimage\",\"url\":\"https:\/\/www.ergofast.se\/produkter\/wp-content\/uploads\/2022\/07\/1920x1080px_WASP_RA2.jpg\",\"contentUrl\":\"https:\/\/www.ergofast.se\/produkter\/wp-content\/uploads\/2022\/07\/1920x1080px_WASP_RA2.jpg\",\"width\":1920,\"height\":1080,\"caption\":\"Wasp verktyg f\u00f6r lyft av skivor, mm\"},{\"@type\":\"BreadcrumbList\",\"@id\":\"https:\/\/www.ergofast.se\/produkter\/trabyggnation\/verktyg-och-andra-produkter-for-trahusbyggande\/#breadcrumb\",\"itemListElement\":[{\"@type\":\"ListItem\",\"position\":1,\"name\":\"Hem\",\"item\":\"https:\/\/www.ergofast.se\/produkter\/\"},{\"@type\":\"ListItem\",\"position\":2,\"name\":\"Tr\u00e4byggnation\",\"item\":\"https:\/\/www.ergofast.se\/produkter\/trabyggnation\/\"},{\"@type\":\"ListItem\",\"position\":3,\"name\":\"Verktyg och andra produkter\"}]},{\"@type\":\"WebSite\",\"@id\":\"https:\/\/www.ergofast.se\/produkter\/#website\",\"url\":\"https:\/\/www.ergofast.se\/produkter\/\",\"name\":\"Ergofast\",\"description\":\"Pro Fastening Solutions\",\"potentialAction\":[{\"@type\":\"SearchAction\",\"target\":{\"@type\":\"EntryPoint\",\"urlTemplate\":\"https:\/\/www.ergofast.se\/produkter\/?s={search_term_string}\"},\"query-input\":{\"@type\":\"PropertyValueSpecification\",\"valueRequired\":true,\"valueName\":\"search_term_string\"}}],\"inLanguage\":\"sv-SE\"}]}<\/script>\n<!-- \/ Yoast SEO plugin. -->","yoast_head_json":{"title":"Verktyg och andra produkter f\u00f6r tr\u00e4husbyggande fr\u00e5n Holz Technic","description":"Rothoblaas \/ Holz Technic erbjuder smarta verktyg, lyftdon och s\u00e4kerhetstillbeh\u00f6r f\u00f6r smart och rationellt tr\u00e4husbyggande.","robots":{"index":"index","follow":"follow","max-snippet":"max-snippet:-1","max-image-preview":"max-image-preview:large","max-video-preview":"max-video-preview:-1"},"canonical":"https:\/\/www.ergofast.se\/produkter\/trabyggnation\/verktyg-och-andra-produkter-for-trahusbyggande\/","og_locale":"sv_SE","og_type":"article","og_title":"Verktyg och andra produkter f\u00f6r tr\u00e4husbyggande fr\u00e5n Holz Technic","og_description":"Rothoblaas \/ Holz Technic erbjuder smarta verktyg, lyftdon och s\u00e4kerhetstillbeh\u00f6r f\u00f6r smart och rationellt tr\u00e4husbyggande.","og_url":"https:\/\/www.ergofast.se\/produkter\/trabyggnation\/verktyg-och-andra-produkter-for-trahusbyggande\/","og_site_name":"Ergofast","article_modified_time":"2023-08-22T14:23:28+00:00","og_image":[{"width":1920,"height":1080,"url":"https:\/\/www.ergofast.se\/produkter\/wp-content\/uploads\/2022\/07\/1920x1080px_WASP_RA2.jpg","type":"image\/jpeg"}],"twitter_card":"summary_large_image","twitter_misc":{"Ber\u00e4knad l\u00e4stid":"1 minut"},"schema":{"@context":"https:\/\/schema.org","@graph":[{"@type":"WebPage","@id":"https:\/\/www.ergofast.se\/produkter\/trabyggnation\/verktyg-och-andra-produkter-for-trahusbyggande\/","url":"https:\/\/www.ergofast.se\/produkter\/trabyggnation\/verktyg-och-andra-produkter-for-trahusbyggande\/","name":"Verktyg och andra produkter f\u00f6r tr\u00e4husbyggande fr\u00e5n Holz Technic","isPartOf":{"@id":"https:\/\/www.ergofast.se\/produkter\/#website"},"primaryImageOfPage":{"@id":"https:\/\/www.ergofast.se\/produkter\/trabyggnation\/verktyg-och-andra-produkter-for-trahusbyggande\/#primaryimage"},"image":{"@id":"https:\/\/www.ergofast.se\/produkter\/trabyggnation\/verktyg-och-andra-produkter-for-trahusbyggande\/#primaryimage"},"thumbnailUrl":"https:\/\/www.ergofast.se\/produkter\/wp-content\/uploads\/2022\/07\/1920x1080px_WASP_RA2.jpg","datePublished":"2022-07-18T13:41:13+00:00","dateModified":"2023-08-22T14:23:28+00:00","description":"Rothoblaas \/ Holz Technic erbjuder smarta verktyg, lyftdon och s\u00e4kerhetstillbeh\u00f6r f\u00f6r smart och rationellt tr\u00e4husbyggande.","breadcrumb":{"@id":"https:\/\/www.ergofast.se\/produkter\/trabyggnation\/verktyg-och-andra-produkter-for-trahusbyggande\/#breadcrumb"},"inLanguage":"sv-SE","potentialAction":[{"@type":"ReadAction","target":["https:\/\/www.ergofast.se\/produkter\/trabyggnation\/verktyg-och-andra-produkter-for-trahusbyggande\/"]}]},{"@type":"ImageObject","inLanguage":"sv-SE","@id":"https:\/\/www.ergofast.se\/produkter\/trabyggnation\/verktyg-och-andra-produkter-for-trahusbyggande\/#primaryimage","url":"https:\/\/www.ergofast.se\/produkter\/wp-content\/uploads\/2022\/07\/1920x1080px_WASP_RA2.jpg","contentUrl":"https:\/\/www.ergofast.se\/produkter\/wp-content\/uploads\/2022\/07\/1920x1080px_WASP_RA2.jpg","width":1920,"height":1080,"caption":"Wasp verktyg f\u00f6r lyft av skivor, mm"},{"@type":"BreadcrumbList","@id":"https:\/\/www.ergofast.se\/produkter\/trabyggnation\/verktyg-och-andra-produkter-for-trahusbyggande\/#breadcrumb","itemListElement":[{"@type":"ListItem","position":1,"name":"Hem","item":"https:\/\/www.ergofast.se\/produkter\/"},{"@type":"ListItem","position":2,"name":"Tr\u00e4byggnation","item":"https:\/\/www.ergofast.se\/produkter\/trabyggnation\/"},{"@type":"ListItem","position":3,"name":"Verktyg och andra produkter"}]},{"@type":"WebSite","@id":"https:\/\/www.ergofast.se\/produkter\/#website","url":"https:\/\/www.ergofast.se\/produkter\/","name":"Ergofast","description":"Pro Fastening Solutions","potentialAction":[{"@type":"SearchAction","target":{"@type":"EntryPoint","urlTemplate":"https:\/\/www.ergofast.se\/produkter\/?s={search_term_string}"},"query-input":{"@type":"PropertyValueSpecification","valueRequired":true,"valueName":"search_term_string"}}],"inLanguage":"sv-SE"}]}},"_links":{"self":[{"href":"https:\/\/www.ergofast.se\/produkter\/wp-json\/wp\/v2\/pages\/5683","targetHints":{"allow":["GET"]}}],"collection":[{"href":"https:\/\/www.ergofast.se\/produkter\/wp-json\/wp\/v2\/pages"}],"about":[{"href":"https:\/\/www.ergofast.se\/produkter\/wp-json\/wp\/v2\/types\/page"}],"author":[{"embeddable":true,"href":"https:\/\/www.ergofast.se\/produkter\/wp-json\/wp\/v2\/users\/1"}],"replies":[{"embeddable":true,"href":"https:\/\/www.ergofast.se\/produkter\/wp-json\/wp\/v2\/comments?post=5683"}],"version-history":[{"count":8,"href":"https:\/\/www.ergofast.se\/produkter\/wp-json\/wp\/v2\/pages\/5683\/revisions"}],"predecessor-version":[{"id":6421,"href":"https:\/\/www.ergofast.se\/produkter\/wp-json\/wp\/v2\/pages\/5683\/revisions\/6421"}],"up":[{"embeddable":true,"href":"https:\/\/www.ergofast.se\/produkter\/wp-json\/wp\/v2\/pages\/3657"}],"wp:featuredmedia":[{"embeddable":true,"href":"https:\/\/www.ergofast.se\/produkter\/wp-json\/wp\/v2\/media\/5704"}],"wp:attachment":[{"href":"https:\/\/www.ergofast.se\/produkter\/wp-json\/wp\/v2\/media?parent=5683"}],"curies":[{"name":"wp","href":"https:\/\/api.w.org\/{rel}","templated":true}]}}