{"id":5581,"date":"2022-07-08T12:42:30","date_gmt":"2022-07-08T10:42:30","guid":{"rendered":"https:\/\/www.ergofast.se\/produkter\/?page_id=5581"},"modified":"2024-11-19T16:05:50","modified_gmt":"2024-11-19T15:05:50","slug":"membran-for-byggnader-i-tra","status":"publish","type":"page","link":"https:\/\/www.ergofast.se\/produkter\/trabyggnation\/membran-for-byggnader-i-tra\/","title":{"rendered":"Membran f\u00f6r byggnader i tr\u00e4"},"content":{"rendered":"<div class=\"wpb-content-wrapper\"><p>[vc_row full_width=&#8221;stretch_row_content&#8221;][vc_column width=&#8221;1\/6&#8243;][vc_empty_space][\/vc_column][vc_column width=&#8221;2\/3&#8243;][vc_empty_space][vc_column_text css=&#8221;&#8221;]<\/p>\n<h1>L\u00e5t husen andas ut!<\/h1>\n<p><em>HOLZ TECHNICs diffusions\u00f6ppna membran f\u00f6r byggnader i tr\u00e4 sl\u00e4pper igenom \u00e5nga samtidigt som det hindrar vatten att tr\u00e4nga in utifr\u00e5n.<span class=\"Apple-converted-space\">\u00a0<\/span><\/em><\/p>\n<p>Traditionell teknik med diffusionst\u00e4ta tak \u2013 allts\u00e5 med skivor, plast och takpapp som h\u00e5ller konstruktionen torr och med god ventilation \u2013 fungerar bra s\u00e5 l\u00e4nge\u00a0isoleringen \u00e4r bristf\u00e4llig och v\u00e4rme fr\u00e5n huset tillf\u00f6rs luftspalten. Konstruktionen blir torr men energi\u00e5tg\u00e5ngen blir st\u00f6rre.<span class=\"Apple-converted-space\">\u00a0<\/span><\/p>\n<h2>Utmaningen<\/h2>\n<p>I dag \u00e4r energieffektiviteten \u00e4r central. Det inneb\u00e4r att det byggs allt t\u00e4tare hus med<span class=\"Apple-converted-space\">\u00a0<\/span>traditionell teknik. Nackdelen \u00e4r att sj\u00e4lvdraget i luftspalten d\u00e5 inte \u00e4r en tillr\u00e4ckligt effektiv l\u00f6sning f\u00f6r att transportera bort fukt. Det blir snarare s\u00e5 att luften kondenseras i spalten med f\u00f6rs\u00e4mrad funktion och i v\u00e4rsta fall r\u00f6ta som resultat.\u00a0<span class=\"Apple-converted-space\">\u00a0<\/span>L\u00e4s mer: Ingemar Samuelson SP Sveriges Provnings och Forskningsinstitut, Bor\u00e5s. <a href=\"http:\/\/www.fuktcentrum.lth.se\/\" target=\"_blank\" rel=\"noopener noreferrer\">http:\/\/www.fuktcentrum.lth.se\/<\/a><\/p>\n<p>Sedan 1 januari 2022 finns dessutom kravet p\u00e5 EPD-dokumention, allts\u00e5 en redovisning av en produkts prestanda i ett livscykelperspektiv. Det inneb\u00e4r att anv\u00e4ndningen av plaster ytterligare begr\u00e4nsar byggnadernas h\u00e5llbarhetsprestanda. HOLZ TECHNICs membran \u00e4r redan EPD-bed\u00f6mda och godk\u00e4nda.<\/p>\n<h2>HOLZ TECHNICs l\u00f6sning<\/h2>\n<p>Diffusionsmembran fr\u00e5n HOLZ TECHNIC har mycket goda milj\u00f6- och ekonomiprestanda. Dessa membran f\u00f6r byggnader i tr\u00e4 har f\u00f6rm\u00e5gan att sl\u00e4ppa igenom \u00e5nga samtidigt som det hindrar vattenintr\u00e4ngning. Det inneb\u00e4r att anv\u00e4ndnidning av diffusionsmembran \u00e4r ett mycket effektivt s\u00e4tt att ha kontroll p\u00e5 klimatet inne. Framf\u00f6r allt i moderna t\u00e4ta hus d\u00e4r energiprestanda \u00e4r viktigt.<span class=\"Apple-converted-space\">\u00a0<\/span><\/p>\n<p>Det fina \u00e4r att tekniken med diffusionsmembran fr\u00e5n Holz Technic \u00e4r mer kostnadseffektivt \u00f6ver tid. F\u00f6rutom dokumenterat f\u00f6rb\u00e4ttrad h\u00e5llbarhets\u00adprestanda bidrar HOLZ TECHNICs moderna l\u00f6sning till att f\u00f6rh\u00f6ja v\u00e4rdet p\u00e5 byggnaden. Direkt.[\/vc_column_text][vc_column_text]<\/p>\n<h2>S\u00e4kert och energieffektivt byggande<\/h2>\n<p>Energieffektiv byggnation inneb\u00e4r bland annat att du v\u00e4ljer r\u00e4tt byggmetod, har r\u00e4tt kvalitetst\u00e4nk men ocks\u00e5 ser till helheten. Med \u00f6kade isoleringstjocklekar \u00f6kar risken f\u00f6r kondens inne i konstruktionerna. Holz Technic membran- och tejper \u00e4r premiumprodukter som adresserar<span class=\"Apple-converted-space\">\u00a0 <\/span>just de utmaningarna som moderna krav p\u00e5 energieffektivitet och s\u00e4kerhet inneb\u00e4r. Beroende p\u00e5 konstruktion, krav och l\u00e4ge s\u00e5 presenterar vi olika l\u00f6sningar.<span class=\"Apple-converted-space\">\u00a0<\/span><\/p>\n<h3><strong>Vad inneb\u00e4r olika dukar\/t\u00e4tskikt?<\/strong><\/h3>\n<p>N\u00e4r du skapar f\u00f6ruts\u00e4ttningar f\u00f6r en balanserad klimat\u00adsk\u00e4rm avseende \u00e5ngtransport skyddar du huset mot vind och vatten samtidigt som det kan \u201dandas\u201d. Byggnaden ska vara och f\u00f6rbli torr och t\u00e4t. Fukt som kommer in i konstruktionen (oftast fr\u00e5n insidan) m\u00e5ste kunna vandra ut genom vindskyddet utan risk f\u00f6r kondens. Risken f\u00f6r att fukt stannar kvar i konstruktionen m\u00e5ste minimeras f\u00f6r att konstruktionen ska vara s\u00e4ker \u00f6ver tid.<\/p>\n<h3><strong>Monolitisk och mikropor\u00f6sa membran<\/strong><\/h3>\n<p>Membran folier och diffusionssp\u00e4rrar (dvs membran som best\u00e5r av polymerbaserade material) har olika egenskaper avseende funktion och teknik.<span class=\"Apple-converted-space\">\u00a0<\/span><\/p>\n<h3><strong>Monolitiska produkter<\/strong><\/h3>\n<p>Monolitiska membran har ett homogent och kontinuerligt skikt. Vatten\u00e5ngpermeabilitet grundar sig p\u00e5 en kemisk reaktion baserad p\u00e5 polymerns permeabilitet: vissa polymerer aktiverar en kemisk reaktion med \u00e5ngmolekyler och sedan genomg\u00e5s som g\u00f6r dem genomsl\u00e4ppliga.[\/vc_column_text][vc_column_text css=&#8221;&#8221;]<\/p>\n<h3>Ladda ned Ergofast <a href=\"https:\/\/www.ergofast.se\/produkter\/wp-content\/uploads\/2022\/02\/210x297-Ergofast_Sortilog-Holz_ahlsell_2022_3.pdf\">Holz Technic Sortilog h\u00e4r \u00bb<\/a><\/h3>\n<h3><a href=\"https:\/\/www.ergofast.se\/produkter\/wp-content\/uploads\/2021\/04\/210x297_ergofast_holztechnic_membran_Folder3_plano.pdf\">Broschyr om membran som l\u00e5ter husen andas<\/a><\/h3>\n<p>[\/vc_column_text][\/vc_column][vc_column width=&#8221;1\/6&#8243;][vc_empty_space][\/vc_column][\/vc_row]<\/p><\/div>","protected":false},"excerpt":{"rendered":"<p>[vc_row full_width=&#8221;stretch_row_content&#8221;][vc_column width=&#8221;1\/6&#8243;][vc_empty_space][\/vc_column][vc_column width=&#8221;2\/3&#8243;][vc_empty_space][vc_column_text css=&#8221;&#8221;] L\u00e5t husen andas ut! HOLZ TECHNICs diffusions\u00f6ppna membran f\u00f6r byggnader i tr\u00e4 sl\u00e4pper igenom \u00e5nga samtidigt som det hindrar vatten att tr\u00e4nga in utifr\u00e5n.\u00a0 Traditionell teknik med diffusionst\u00e4ta tak \u2013 allts\u00e5 med skivor, plast och takpapp som h\u00e5ller konstruktionen torr och med god ventilation \u2013 fungerar bra s\u00e5 l\u00e4nge\u00a0isoleringen \u00e4r <a class=\"read-more\" href=\"https:\/\/www.ergofast.se\/produkter\/trabyggnation\/membran-for-byggnader-i-tra\/\">&hellip;<\/a><\/p>","protected":false},"author":1,"featured_media":5584,"parent":3657,"menu_order":0,"comment_status":"closed","ping_status":"closed","template":"templates\/product-category-page.php","meta":{"_acf_changed":false,"footnotes":""},"class_list":["post-5581","page","type-page","status-publish","has-post-thumbnail","hentry"],"acf":[],"yoast_head":"<!-- This site is optimized with the Yoast SEO plugin v26.4 - https:\/\/yoast.com\/wordpress\/plugins\/seo\/ -->\n<title>Monolitiska membran f\u00f6r byggnader i tr\u00e4 som l\u00e5ter husen andas<\/title>\n<meta name=\"description\" content=\"Med Holz Technics monlitiska membran f\u00f6r byggnader i tr\u00e4 kan tr\u00e4byggnaderna andas. P\u00e5 s\u00e5 s\u00e4tt undviker man fuktskador i tr\u00e4konstruktionen.\" \/>\n<meta name=\"robots\" content=\"index, follow, max-snippet:-1, max-image-preview:large, max-video-preview:-1\" \/>\n<link rel=\"canonical\" href=\"https:\/\/www.ergofast.se\/produkter\/trabyggnation\/membran-for-byggnader-i-tra\/\" \/>\n<meta property=\"og:locale\" content=\"sv_SE\" \/>\n<meta property=\"og:type\" content=\"article\" \/>\n<meta property=\"og:title\" content=\"Monolitiska membran f\u00f6r byggnader i tr\u00e4 som l\u00e5ter husen andas\" \/>\n<meta property=\"og:description\" content=\"Med Holz Technics monlitiska membran f\u00f6r byggnader i tr\u00e4 kan tr\u00e4byggnaderna andas. P\u00e5 s\u00e5 s\u00e4tt undviker man fuktskador i tr\u00e4konstruktionen.\" \/>\n<meta property=\"og:url\" content=\"https:\/\/www.ergofast.se\/produkter\/trabyggnation\/membran-for-byggnader-i-tra\/\" \/>\n<meta property=\"og:site_name\" content=\"Ergofast\" \/>\n<meta property=\"article:modified_time\" content=\"2024-11-19T15:05:50+00:00\" \/>\n<meta property=\"og:image\" content=\"https:\/\/www.ergofast.se\/produkter\/wp-content\/uploads\/2022\/07\/1920x1080px_TRASPIR_DACH_MONO_160_STRA.jpg\" \/>\n\t<meta property=\"og:image:width\" content=\"1920\" \/>\n\t<meta property=\"og:image:height\" content=\"1080\" \/>\n\t<meta property=\"og:image:type\" content=\"image\/jpeg\" \/>\n<meta name=\"twitter:card\" content=\"summary_large_image\" \/>\n<meta name=\"twitter:label1\" content=\"Ber\u00e4knad l\u00e4stid\" \/>\n\t<meta name=\"twitter:data1\" content=\"3 minuter\" \/>\n<script type=\"application\/ld+json\" class=\"yoast-schema-graph\">{\"@context\":\"https:\/\/schema.org\",\"@graph\":[{\"@type\":\"WebPage\",\"@id\":\"https:\/\/www.ergofast.se\/produkter\/trabyggnation\/membran-for-byggnader-i-tra\/\",\"url\":\"https:\/\/www.ergofast.se\/produkter\/trabyggnation\/membran-for-byggnader-i-tra\/\",\"name\":\"Monolitiska membran f\u00f6r byggnader i tr\u00e4 som l\u00e5ter husen andas\",\"isPartOf\":{\"@id\":\"https:\/\/www.ergofast.se\/produkter\/#website\"},\"primaryImageOfPage\":{\"@id\":\"https:\/\/www.ergofast.se\/produkter\/trabyggnation\/membran-for-byggnader-i-tra\/#primaryimage\"},\"image\":{\"@id\":\"https:\/\/www.ergofast.se\/produkter\/trabyggnation\/membran-for-byggnader-i-tra\/#primaryimage\"},\"thumbnailUrl\":\"https:\/\/www.ergofast.se\/produkter\/wp-content\/uploads\/2022\/07\/1920x1080px_TRASPIR_DACH_MONO_160_STRA.jpg\",\"datePublished\":\"2022-07-08T10:42:30+00:00\",\"dateModified\":\"2024-11-19T15:05:50+00:00\",\"description\":\"Med Holz Technics monlitiska membran f\u00f6r byggnader i tr\u00e4 kan tr\u00e4byggnaderna andas. P\u00e5 s\u00e5 s\u00e4tt undviker man fuktskador i tr\u00e4konstruktionen.\",\"breadcrumb\":{\"@id\":\"https:\/\/www.ergofast.se\/produkter\/trabyggnation\/membran-for-byggnader-i-tra\/#breadcrumb\"},\"inLanguage\":\"sv-SE\",\"potentialAction\":[{\"@type\":\"ReadAction\",\"target\":[\"https:\/\/www.ergofast.se\/produkter\/trabyggnation\/membran-for-byggnader-i-tra\/\"]}]},{\"@type\":\"ImageObject\",\"inLanguage\":\"sv-SE\",\"@id\":\"https:\/\/www.ergofast.se\/produkter\/trabyggnation\/membran-for-byggnader-i-tra\/#primaryimage\",\"url\":\"https:\/\/www.ergofast.se\/produkter\/wp-content\/uploads\/2022\/07\/1920x1080px_TRASPIR_DACH_MONO_160_STRA.jpg\",\"contentUrl\":\"https:\/\/www.ergofast.se\/produkter\/wp-content\/uploads\/2022\/07\/1920x1080px_TRASPIR_DACH_MONO_160_STRA.jpg\",\"width\":1920,\"height\":1080},{\"@type\":\"BreadcrumbList\",\"@id\":\"https:\/\/www.ergofast.se\/produkter\/trabyggnation\/membran-for-byggnader-i-tra\/#breadcrumb\",\"itemListElement\":[{\"@type\":\"ListItem\",\"position\":1,\"name\":\"Hem\",\"item\":\"https:\/\/www.ergofast.se\/produkter\/\"},{\"@type\":\"ListItem\",\"position\":2,\"name\":\"Tr\u00e4byggnation\",\"item\":\"https:\/\/www.ergofast.se\/produkter\/trabyggnation\/\"},{\"@type\":\"ListItem\",\"position\":3,\"name\":\"Membran f\u00f6r byggnader i tr\u00e4\"}]},{\"@type\":\"WebSite\",\"@id\":\"https:\/\/www.ergofast.se\/produkter\/#website\",\"url\":\"https:\/\/www.ergofast.se\/produkter\/\",\"name\":\"Ergofast\",\"description\":\"Pro Fastening Solutions\",\"potentialAction\":[{\"@type\":\"SearchAction\",\"target\":{\"@type\":\"EntryPoint\",\"urlTemplate\":\"https:\/\/www.ergofast.se\/produkter\/?s={search_term_string}\"},\"query-input\":{\"@type\":\"PropertyValueSpecification\",\"valueRequired\":true,\"valueName\":\"search_term_string\"}}],\"inLanguage\":\"sv-SE\"}]}<\/script>\n<!-- \/ Yoast SEO plugin. -->","yoast_head_json":{"title":"Monolitiska membran f\u00f6r byggnader i tr\u00e4 som l\u00e5ter husen andas","description":"Med Holz Technics monlitiska membran f\u00f6r byggnader i tr\u00e4 kan tr\u00e4byggnaderna andas. P\u00e5 s\u00e5 s\u00e4tt undviker man fuktskador i tr\u00e4konstruktionen.","robots":{"index":"index","follow":"follow","max-snippet":"max-snippet:-1","max-image-preview":"max-image-preview:large","max-video-preview":"max-video-preview:-1"},"canonical":"https:\/\/www.ergofast.se\/produkter\/trabyggnation\/membran-for-byggnader-i-tra\/","og_locale":"sv_SE","og_type":"article","og_title":"Monolitiska membran f\u00f6r byggnader i tr\u00e4 som l\u00e5ter husen andas","og_description":"Med Holz Technics monlitiska membran f\u00f6r byggnader i tr\u00e4 kan tr\u00e4byggnaderna andas. P\u00e5 s\u00e5 s\u00e4tt undviker man fuktskador i tr\u00e4konstruktionen.","og_url":"https:\/\/www.ergofast.se\/produkter\/trabyggnation\/membran-for-byggnader-i-tra\/","og_site_name":"Ergofast","article_modified_time":"2024-11-19T15:05:50+00:00","og_image":[{"width":1920,"height":1080,"url":"https:\/\/www.ergofast.se\/produkter\/wp-content\/uploads\/2022\/07\/1920x1080px_TRASPIR_DACH_MONO_160_STRA.jpg","type":"image\/jpeg"}],"twitter_card":"summary_large_image","twitter_misc":{"Ber\u00e4knad l\u00e4stid":"3 minuter"},"schema":{"@context":"https:\/\/schema.org","@graph":[{"@type":"WebPage","@id":"https:\/\/www.ergofast.se\/produkter\/trabyggnation\/membran-for-byggnader-i-tra\/","url":"https:\/\/www.ergofast.se\/produkter\/trabyggnation\/membran-for-byggnader-i-tra\/","name":"Monolitiska membran f\u00f6r byggnader i tr\u00e4 som l\u00e5ter husen andas","isPartOf":{"@id":"https:\/\/www.ergofast.se\/produkter\/#website"},"primaryImageOfPage":{"@id":"https:\/\/www.ergofast.se\/produkter\/trabyggnation\/membran-for-byggnader-i-tra\/#primaryimage"},"image":{"@id":"https:\/\/www.ergofast.se\/produkter\/trabyggnation\/membran-for-byggnader-i-tra\/#primaryimage"},"thumbnailUrl":"https:\/\/www.ergofast.se\/produkter\/wp-content\/uploads\/2022\/07\/1920x1080px_TRASPIR_DACH_MONO_160_STRA.jpg","datePublished":"2022-07-08T10:42:30+00:00","dateModified":"2024-11-19T15:05:50+00:00","description":"Med Holz Technics monlitiska membran f\u00f6r byggnader i tr\u00e4 kan tr\u00e4byggnaderna andas. P\u00e5 s\u00e5 s\u00e4tt undviker man fuktskador i tr\u00e4konstruktionen.","breadcrumb":{"@id":"https:\/\/www.ergofast.se\/produkter\/trabyggnation\/membran-for-byggnader-i-tra\/#breadcrumb"},"inLanguage":"sv-SE","potentialAction":[{"@type":"ReadAction","target":["https:\/\/www.ergofast.se\/produkter\/trabyggnation\/membran-for-byggnader-i-tra\/"]}]},{"@type":"ImageObject","inLanguage":"sv-SE","@id":"https:\/\/www.ergofast.se\/produkter\/trabyggnation\/membran-for-byggnader-i-tra\/#primaryimage","url":"https:\/\/www.ergofast.se\/produkter\/wp-content\/uploads\/2022\/07\/1920x1080px_TRASPIR_DACH_MONO_160_STRA.jpg","contentUrl":"https:\/\/www.ergofast.se\/produkter\/wp-content\/uploads\/2022\/07\/1920x1080px_TRASPIR_DACH_MONO_160_STRA.jpg","width":1920,"height":1080},{"@type":"BreadcrumbList","@id":"https:\/\/www.ergofast.se\/produkter\/trabyggnation\/membran-for-byggnader-i-tra\/#breadcrumb","itemListElement":[{"@type":"ListItem","position":1,"name":"Hem","item":"https:\/\/www.ergofast.se\/produkter\/"},{"@type":"ListItem","position":2,"name":"Tr\u00e4byggnation","item":"https:\/\/www.ergofast.se\/produkter\/trabyggnation\/"},{"@type":"ListItem","position":3,"name":"Membran f\u00f6r byggnader i tr\u00e4"}]},{"@type":"WebSite","@id":"https:\/\/www.ergofast.se\/produkter\/#website","url":"https:\/\/www.ergofast.se\/produkter\/","name":"Ergofast","description":"Pro Fastening Solutions","potentialAction":[{"@type":"SearchAction","target":{"@type":"EntryPoint","urlTemplate":"https:\/\/www.ergofast.se\/produkter\/?s={search_term_string}"},"query-input":{"@type":"PropertyValueSpecification","valueRequired":true,"valueName":"search_term_string"}}],"inLanguage":"sv-SE"}]}},"_links":{"self":[{"href":"https:\/\/www.ergofast.se\/produkter\/wp-json\/wp\/v2\/pages\/5581","targetHints":{"allow":["GET"]}}],"collection":[{"href":"https:\/\/www.ergofast.se\/produkter\/wp-json\/wp\/v2\/pages"}],"about":[{"href":"https:\/\/www.ergofast.se\/produkter\/wp-json\/wp\/v2\/types\/page"}],"author":[{"embeddable":true,"href":"https:\/\/www.ergofast.se\/produkter\/wp-json\/wp\/v2\/users\/1"}],"replies":[{"embeddable":true,"href":"https:\/\/www.ergofast.se\/produkter\/wp-json\/wp\/v2\/comments?post=5581"}],"version-history":[{"count":8,"href":"https:\/\/www.ergofast.se\/produkter\/wp-json\/wp\/v2\/pages\/5581\/revisions"}],"predecessor-version":[{"id":7083,"href":"https:\/\/www.ergofast.se\/produkter\/wp-json\/wp\/v2\/pages\/5581\/revisions\/7083"}],"up":[{"embeddable":true,"href":"https:\/\/www.ergofast.se\/produkter\/wp-json\/wp\/v2\/pages\/3657"}],"wp:featuredmedia":[{"embeddable":true,"href":"https:\/\/www.ergofast.se\/produkter\/wp-json\/wp\/v2\/media\/5584"}],"wp:attachment":[{"href":"https:\/\/www.ergofast.se\/produkter\/wp-json\/wp\/v2\/media?parent=5581"}],"curies":[{"name":"wp","href":"https:\/\/api.w.org\/{rel}","templated":true}]}}