{"id":5354,"date":"2022-06-30T16:00:21","date_gmt":"2022-06-30T14:00:21","guid":{"rendered":"https:\/\/www.ergofast.se\/produkter\/?page_id=5354"},"modified":"2024-11-19T15:54:31","modified_gmt":"2024-11-19T14:54:31","slug":"traskruv-for-inomhus-och-utomhusbruk","status":"publish","type":"page","link":"https:\/\/www.ergofast.se\/produkter\/trabyggnation\/traskruv-for-inomhus-och-utomhusbruk\/","title":{"rendered":"Tr\u00e4skruv f\u00f6r inomhus- och utomhusbruk"},"content":{"rendered":"<div class=\"wpb-content-wrapper\"><p>[vc_row full_width=&#8221;stretch_row_content&#8221; css=&#8221;.vc_custom_1732028069162{background-color: #FFFFFF !important;}&#8221;][vc_column width=&#8221;1\/6&#8243;][vc_empty_space][\/vc_column][vc_column width=&#8221;2\/3&#8243;][vc_column_text css=&#8221;.vc_custom_1731597319777{padding-right: 2em !important;padding-left: 2em !important;}&#8221;]<\/p>\n<h4>Skruv fr\u00e5n HOLZ TECHNIC<\/h4>\n<h1>Tr\u00e4skruv med kompromissl\u00f6s kvalitet f\u00f6r din s\u00e4kerhet!<\/h1>\n<p>[\/vc_column_text][vc_column_text css=&#8221;.vc_custom_1732024651042{padding-right: 2em !important;padding-left: 2em !important;}&#8221;]Kvaliteten p\u00e5 Holz Technic produkter \u00e4r s\u00e4kerst\u00e4lld genom olika certifieringar. Alla produkter \u00e4r CE-m\u00e4rkta enligt ETA eller EN och har utvecklats f\u00f6r strukturell anv\u00e4ndning.<\/p>\n<p>Produktionsprocessen styrs systematiskt i var och en av dess faser (FPC) och hela f\u00f6rfarandet \u00e4r \u00f6vervakad och kontrollerad f\u00f6r att garantera \u00f6verensst\u00e4mmelse och kvalitet under alla faser av produktionsprocessen.<\/p>\n<p><a href=\"https:\/\/www.ergofast.se\/produkter\/wp-content\/uploads\/2022\/02\/210x297-Ergofast_Sortilog-Holz_ahlsell_2022_3.pdf\">Ladda ned Holz Technic Sortilogen h\u00e4r<\/a> f\u00f6r n\u00e4rmare beskrivning av produkterna.[\/vc_column_text][vc_row_inner][vc_column_inner width=&#8221;1\/2&#8243;][vc_column_text css=&#8221;.vc_custom_1732024553340{padding-right: 2em !important;padding-left: 2em !important;}&#8221;]<\/p>\n<h4>St\u00e5lets kvalitet<\/h4>\n<p>Processen f\u00f6r h\u00e4rdning och gl\u00f6dning av st\u00e5let g\u00f6r att skruven Holz Technic SNK f\u00e5r en perfekt j\u00e4mnvikt mellan motst\u00e5nd och ormb\u00e4rhet (utm\u00e4rkt f\u00f6rm\u00e5ga f\u00f6r plastisk deformation) tack vare teknisk kunskap p\u00e5 h\u00f6g niv\u00e5.<\/p>\n<h4>\u00d6verl\u00e4gset motst\u00e5nd<\/h4>\n<p>Utm\u00e4rkt motst\u00e5nd mot brott och flyth\u00e5llfasthet 1000 N\/mm2 st\u00e5l. Mycket h\u00f6gt vridmotst\u00e5nd f\u00f6r en mer s\u00e4ker \u00e5tdragning.<\/p>\n<h4>Konstruktionsapplikationer<\/h4>\n<p>Skruvarna \u00e4r godk\u00e4nda for konstruktionsapplikationer som belastas i en vilken som helst riktning j\u00e4mf\u00f6rt med fibern. Asymmetrisk g\u00e4nga g\u00f6rs\u201dparaplyformad\u201d f\u00f6r en h\u00f6gre genomtr\u00e4ngningsf\u00f6rm\u00e5ga i tr\u00e4et.<\/p>\n<h4>Formbarhet<\/h4>\n<p>B\u00f6jvinkeln \u00e4r 20\u00b0 st\u00f6rre \u00e4n normalt, certifierad med ETA 11\/0030. Seismisk prestanda testad i enlighet med EN 14592.<\/p>\n<p>[\/vc_column_text][\/vc_column_inner][vc_column_inner width=&#8221;1\/2&#8243;][vc_column_text css=&#8221;&#8221;]<\/p>\n<h4>Cromium VI free<\/h4>\n<p>Skruvarna \u00e4r helt fria fr\u00e5n sexv\u00e4rt krom och \u00f6verensst\u00e4mmer med de str\u00e4ngaste kraven i \u00a0kemikalielagstiftningen (SVHC). Information om REACH finns tillg\u00e4nglig.<\/p>\n<h4>Material<\/h4>\n<p>Kolst\u00e5l med galvaniserad f\u00f6rzinkning.<\/p>\n<h4>CLT<\/h4>\n<p>Testade, certifierade och ber\u00e4knade v\u00e4rden \u00e4ven for CLT. Ber\u00e4kningstabeller och programvara f\u00f6r dimensionering (MyProject) for CLT tillg\u00e4ngliga som katalog och online.<\/p>\n<h4>CE &#8211; ETA &#8211; DoP<\/h4>\n<p>I egenskap av tillverkare s\u00e5 ansvarar Holz Technic f\u00f6r att produkterna \u00f6verensst\u00e4mmer med ETA-certifieringen. Dessa produkter m\u00e5ste vara f\u00f6rsedda med EU-m\u00e4rkning som normalt sett anbringas p\u00e5 etiketten och d\u00e4rmed f\u00e5r r\u00e4ttslig giltighet.[\/vc_column_text][\/vc_column_inner][\/vc_row_inner][\/vc_column][vc_column width=&#8221;1\/6&#8243;][vc_empty_space][\/vc_column][\/vc_row]<\/p><\/div>","protected":false},"excerpt":{"rendered":"<p>[vc_row full_width=&#8221;stretch_row_content&#8221; css=&#8221;.vc_custom_1732028069162{background-color: #FFFFFF !important;}&#8221;][vc_column width=&#8221;1\/6&#8243;][vc_empty_space][\/vc_column][vc_column width=&#8221;2\/3&#8243;][vc_column_text css=&#8221;.vc_custom_1731597319777{padding-right: 2em !important;padding-left: 2em !important;}&#8221;] Skruv fr\u00e5n HOLZ TECHNIC Tr\u00e4skruv med kompromissl\u00f6s kvalitet f\u00f6r din s\u00e4kerhet! [\/vc_column_text][vc_column_text css=&#8221;.vc_custom_1732024651042{padding-right: 2em !important;padding-left: 2em !important;}&#8221;]Kvaliteten p\u00e5 Holz Technic produkter \u00e4r s\u00e4kerst\u00e4lld genom olika certifieringar. Alla produkter \u00e4r CE-m\u00e4rkta enligt ETA eller EN och har utvecklats f\u00f6r strukturell anv\u00e4ndning. Produktionsprocessen styrs systematiskt <a class=\"read-more\" href=\"https:\/\/www.ergofast.se\/produkter\/trabyggnation\/traskruv-for-inomhus-och-utomhusbruk\/\">&hellip;<\/a><\/p>","protected":false},"author":1,"featured_media":4112,"parent":3657,"menu_order":0,"comment_status":"closed","ping_status":"closed","template":"templates\/product-category-page.php","meta":{"_acf_changed":false,"footnotes":""},"class_list":["post-5354","page","type-page","status-publish","has-post-thumbnail","hentry"],"acf":[],"yoast_head":"<!-- This site is optimized with the Yoast SEO plugin v26.4 - https:\/\/yoast.com\/wordpress\/plugins\/seo\/ -->\n<title>Tr\u00e4skruv f\u00f6r inomhus- och utomhusbruk - Ergofast<\/title>\n<meta name=\"description\" content=\"Tr\u00e4skruv f\u00f6r inomhus- och utomhusbruk fr\u00e5n Holz Technic underl\u00e4ttar och snabbar upp byggnation i tr\u00e4 eftersom skruvarna erbjuder mycket h\u00f6g h\u00e5llfasthet.\" \/>\n<meta name=\"robots\" content=\"index, follow, max-snippet:-1, max-image-preview:large, max-video-preview:-1\" \/>\n<link rel=\"canonical\" href=\"https:\/\/www.ergofast.se\/produkter\/trabyggnation\/traskruv-for-inomhus-och-utomhusbruk\/\" \/>\n<meta property=\"og:locale\" content=\"sv_SE\" \/>\n<meta property=\"og:type\" content=\"article\" \/>\n<meta property=\"og:title\" content=\"Tr\u00e4skruv f\u00f6r inomhus- och utomhusbruk - Ergofast\" \/>\n<meta property=\"og:description\" content=\"Tr\u00e4skruv f\u00f6r inomhus- och utomhusbruk fr\u00e5n Holz Technic underl\u00e4ttar och snabbar upp byggnation i tr\u00e4 eftersom skruvarna erbjuder mycket h\u00f6g h\u00e5llfasthet.\" \/>\n<meta property=\"og:url\" content=\"https:\/\/www.ergofast.se\/produkter\/trabyggnation\/traskruv-for-inomhus-och-utomhusbruk\/\" \/>\n<meta property=\"og:site_name\" content=\"Ergofast\" \/>\n<meta property=\"article:modified_time\" content=\"2024-11-19T14:54:31+00:00\" \/>\n<meta property=\"og:image\" content=\"https:\/\/www.ergofast.se\/produkter\/wp-content\/uploads\/2020\/02\/HOLZ-1.jpg\" \/>\n\t<meta property=\"og:image:width\" content=\"1200\" \/>\n\t<meta property=\"og:image:height\" content=\"440\" \/>\n\t<meta property=\"og:image:type\" content=\"image\/jpeg\" \/>\n<meta name=\"twitter:card\" content=\"summary_large_image\" \/>\n<meta name=\"twitter:label1\" content=\"Ber\u00e4knad l\u00e4stid\" \/>\n\t<meta name=\"twitter:data1\" content=\"2 minuter\" \/>\n<script type=\"application\/ld+json\" class=\"yoast-schema-graph\">{\"@context\":\"https:\/\/schema.org\",\"@graph\":[{\"@type\":\"WebPage\",\"@id\":\"https:\/\/www.ergofast.se\/produkter\/trabyggnation\/traskruv-for-inomhus-och-utomhusbruk\/\",\"url\":\"https:\/\/www.ergofast.se\/produkter\/trabyggnation\/traskruv-for-inomhus-och-utomhusbruk\/\",\"name\":\"Tr\u00e4skruv f\u00f6r inomhus- och utomhusbruk - Ergofast\",\"isPartOf\":{\"@id\":\"https:\/\/www.ergofast.se\/produkter\/#website\"},\"primaryImageOfPage\":{\"@id\":\"https:\/\/www.ergofast.se\/produkter\/trabyggnation\/traskruv-for-inomhus-och-utomhusbruk\/#primaryimage\"},\"image\":{\"@id\":\"https:\/\/www.ergofast.se\/produkter\/trabyggnation\/traskruv-for-inomhus-och-utomhusbruk\/#primaryimage\"},\"thumbnailUrl\":\"https:\/\/www.ergofast.se\/produkter\/wp-content\/uploads\/2020\/02\/HOLZ-1.jpg\",\"datePublished\":\"2022-06-30T14:00:21+00:00\",\"dateModified\":\"2024-11-19T14:54:31+00:00\",\"description\":\"Tr\u00e4skruv f\u00f6r inomhus- och utomhusbruk fr\u00e5n Holz Technic underl\u00e4ttar och snabbar upp byggnation i tr\u00e4 eftersom skruvarna erbjuder mycket h\u00f6g h\u00e5llfasthet.\",\"breadcrumb\":{\"@id\":\"https:\/\/www.ergofast.se\/produkter\/trabyggnation\/traskruv-for-inomhus-och-utomhusbruk\/#breadcrumb\"},\"inLanguage\":\"sv-SE\",\"potentialAction\":[{\"@type\":\"ReadAction\",\"target\":[\"https:\/\/www.ergofast.se\/produkter\/trabyggnation\/traskruv-for-inomhus-och-utomhusbruk\/\"]}]},{\"@type\":\"ImageObject\",\"inLanguage\":\"sv-SE\",\"@id\":\"https:\/\/www.ergofast.se\/produkter\/trabyggnation\/traskruv-for-inomhus-och-utomhusbruk\/#primaryimage\",\"url\":\"https:\/\/www.ergofast.se\/produkter\/wp-content\/uploads\/2020\/02\/HOLZ-1.jpg\",\"contentUrl\":\"https:\/\/www.ergofast.se\/produkter\/wp-content\/uploads\/2020\/02\/HOLZ-1.jpg\",\"width\":1200,\"height\":440,\"caption\":\"Holz Technic erbjuder inf\u00e4stningar, skruvbleck och beslag\"},{\"@type\":\"BreadcrumbList\",\"@id\":\"https:\/\/www.ergofast.se\/produkter\/trabyggnation\/traskruv-for-inomhus-och-utomhusbruk\/#breadcrumb\",\"itemListElement\":[{\"@type\":\"ListItem\",\"position\":1,\"name\":\"Hem\",\"item\":\"https:\/\/www.ergofast.se\/produkter\/\"},{\"@type\":\"ListItem\",\"position\":2,\"name\":\"Tr\u00e4byggnation\",\"item\":\"https:\/\/www.ergofast.se\/produkter\/trabyggnation\/\"},{\"@type\":\"ListItem\",\"position\":3,\"name\":\"Tr\u00e4skruv f\u00f6r inomhus- och utomhusbruk\"}]},{\"@type\":\"WebSite\",\"@id\":\"https:\/\/www.ergofast.se\/produkter\/#website\",\"url\":\"https:\/\/www.ergofast.se\/produkter\/\",\"name\":\"Ergofast\",\"description\":\"Pro Fastening Solutions\",\"potentialAction\":[{\"@type\":\"SearchAction\",\"target\":{\"@type\":\"EntryPoint\",\"urlTemplate\":\"https:\/\/www.ergofast.se\/produkter\/?s={search_term_string}\"},\"query-input\":{\"@type\":\"PropertyValueSpecification\",\"valueRequired\":true,\"valueName\":\"search_term_string\"}}],\"inLanguage\":\"sv-SE\"}]}<\/script>\n<!-- \/ Yoast SEO plugin. -->","yoast_head_json":{"title":"Tr\u00e4skruv f\u00f6r inomhus- och utomhusbruk - Ergofast","description":"Tr\u00e4skruv f\u00f6r inomhus- och utomhusbruk fr\u00e5n Holz Technic underl\u00e4ttar och snabbar upp byggnation i tr\u00e4 eftersom skruvarna erbjuder mycket h\u00f6g h\u00e5llfasthet.","robots":{"index":"index","follow":"follow","max-snippet":"max-snippet:-1","max-image-preview":"max-image-preview:large","max-video-preview":"max-video-preview:-1"},"canonical":"https:\/\/www.ergofast.se\/produkter\/trabyggnation\/traskruv-for-inomhus-och-utomhusbruk\/","og_locale":"sv_SE","og_type":"article","og_title":"Tr\u00e4skruv f\u00f6r inomhus- och utomhusbruk - Ergofast","og_description":"Tr\u00e4skruv f\u00f6r inomhus- och utomhusbruk fr\u00e5n Holz Technic underl\u00e4ttar och snabbar upp byggnation i tr\u00e4 eftersom skruvarna erbjuder mycket h\u00f6g h\u00e5llfasthet.","og_url":"https:\/\/www.ergofast.se\/produkter\/trabyggnation\/traskruv-for-inomhus-och-utomhusbruk\/","og_site_name":"Ergofast","article_modified_time":"2024-11-19T14:54:31+00:00","og_image":[{"width":1200,"height":440,"url":"https:\/\/www.ergofast.se\/produkter\/wp-content\/uploads\/2020\/02\/HOLZ-1.jpg","type":"image\/jpeg"}],"twitter_card":"summary_large_image","twitter_misc":{"Ber\u00e4knad l\u00e4stid":"2 minuter"},"schema":{"@context":"https:\/\/schema.org","@graph":[{"@type":"WebPage","@id":"https:\/\/www.ergofast.se\/produkter\/trabyggnation\/traskruv-for-inomhus-och-utomhusbruk\/","url":"https:\/\/www.ergofast.se\/produkter\/trabyggnation\/traskruv-for-inomhus-och-utomhusbruk\/","name":"Tr\u00e4skruv f\u00f6r inomhus- och utomhusbruk - Ergofast","isPartOf":{"@id":"https:\/\/www.ergofast.se\/produkter\/#website"},"primaryImageOfPage":{"@id":"https:\/\/www.ergofast.se\/produkter\/trabyggnation\/traskruv-for-inomhus-och-utomhusbruk\/#primaryimage"},"image":{"@id":"https:\/\/www.ergofast.se\/produkter\/trabyggnation\/traskruv-for-inomhus-och-utomhusbruk\/#primaryimage"},"thumbnailUrl":"https:\/\/www.ergofast.se\/produkter\/wp-content\/uploads\/2020\/02\/HOLZ-1.jpg","datePublished":"2022-06-30T14:00:21+00:00","dateModified":"2024-11-19T14:54:31+00:00","description":"Tr\u00e4skruv f\u00f6r inomhus- och utomhusbruk fr\u00e5n Holz Technic underl\u00e4ttar och snabbar upp byggnation i tr\u00e4 eftersom skruvarna erbjuder mycket h\u00f6g h\u00e5llfasthet.","breadcrumb":{"@id":"https:\/\/www.ergofast.se\/produkter\/trabyggnation\/traskruv-for-inomhus-och-utomhusbruk\/#breadcrumb"},"inLanguage":"sv-SE","potentialAction":[{"@type":"ReadAction","target":["https:\/\/www.ergofast.se\/produkter\/trabyggnation\/traskruv-for-inomhus-och-utomhusbruk\/"]}]},{"@type":"ImageObject","inLanguage":"sv-SE","@id":"https:\/\/www.ergofast.se\/produkter\/trabyggnation\/traskruv-for-inomhus-och-utomhusbruk\/#primaryimage","url":"https:\/\/www.ergofast.se\/produkter\/wp-content\/uploads\/2020\/02\/HOLZ-1.jpg","contentUrl":"https:\/\/www.ergofast.se\/produkter\/wp-content\/uploads\/2020\/02\/HOLZ-1.jpg","width":1200,"height":440,"caption":"Holz Technic erbjuder inf\u00e4stningar, skruvbleck och beslag"},{"@type":"BreadcrumbList","@id":"https:\/\/www.ergofast.se\/produkter\/trabyggnation\/traskruv-for-inomhus-och-utomhusbruk\/#breadcrumb","itemListElement":[{"@type":"ListItem","position":1,"name":"Hem","item":"https:\/\/www.ergofast.se\/produkter\/"},{"@type":"ListItem","position":2,"name":"Tr\u00e4byggnation","item":"https:\/\/www.ergofast.se\/produkter\/trabyggnation\/"},{"@type":"ListItem","position":3,"name":"Tr\u00e4skruv f\u00f6r inomhus- och utomhusbruk"}]},{"@type":"WebSite","@id":"https:\/\/www.ergofast.se\/produkter\/#website","url":"https:\/\/www.ergofast.se\/produkter\/","name":"Ergofast","description":"Pro Fastening Solutions","potentialAction":[{"@type":"SearchAction","target":{"@type":"EntryPoint","urlTemplate":"https:\/\/www.ergofast.se\/produkter\/?s={search_term_string}"},"query-input":{"@type":"PropertyValueSpecification","valueRequired":true,"valueName":"search_term_string"}}],"inLanguage":"sv-SE"}]}},"_links":{"self":[{"href":"https:\/\/www.ergofast.se\/produkter\/wp-json\/wp\/v2\/pages\/5354","targetHints":{"allow":["GET"]}}],"collection":[{"href":"https:\/\/www.ergofast.se\/produkter\/wp-json\/wp\/v2\/pages"}],"about":[{"href":"https:\/\/www.ergofast.se\/produkter\/wp-json\/wp\/v2\/types\/page"}],"author":[{"embeddable":true,"href":"https:\/\/www.ergofast.se\/produkter\/wp-json\/wp\/v2\/users\/1"}],"replies":[{"embeddable":true,"href":"https:\/\/www.ergofast.se\/produkter\/wp-json\/wp\/v2\/comments?post=5354"}],"version-history":[{"count":16,"href":"https:\/\/www.ergofast.se\/produkter\/wp-json\/wp\/v2\/pages\/5354\/revisions"}],"predecessor-version":[{"id":7071,"href":"https:\/\/www.ergofast.se\/produkter\/wp-json\/wp\/v2\/pages\/5354\/revisions\/7071"}],"up":[{"embeddable":true,"href":"https:\/\/www.ergofast.se\/produkter\/wp-json\/wp\/v2\/pages\/3657"}],"wp:featuredmedia":[{"embeddable":true,"href":"https:\/\/www.ergofast.se\/produkter\/wp-json\/wp\/v2\/media\/4112"}],"wp:attachment":[{"href":"https:\/\/www.ergofast.se\/produkter\/wp-json\/wp\/v2\/media?parent=5354"}],"curies":[{"name":"wp","href":"https:\/\/api.w.org\/{rel}","templated":true}]}}