{"id":3675,"date":"2019-12-05T13:57:47","date_gmt":"2019-12-05T12:57:47","guid":{"rendered":"https:\/\/www.ergofast.se\/produkter\/?page_id=3675"},"modified":"2024-12-11T16:42:36","modified_gmt":"2024-12-11T15:42:36","slug":"tillbehor","status":"publish","type":"page","link":"https:\/\/www.ergofast.se\/produkter\/verktyg\/tillbehor\/","title":{"rendered":"Tillbeh\u00f6r"},"content":{"rendered":"<div class=\"wpb-content-wrapper\"><p>[vc_row full_width=&#8221;stretch_row_content&#8221;][vc_column width=&#8221;1\/6&#8243;][vc_empty_space][\/vc_column][vc_column width=&#8221;2\/3&#8243;][vc_empty_space][vc_column_text css=&#8221;&#8221;]<\/p>\n<div>\n<h1>Godk\u00e4nda tillbeh\u00f6r till MAX verktyg f\u00f6r max prestanda och livsl\u00e4ngd<\/h1>\n<p><strong>Anv\u00e4nd bara godk\u00e4nda tillbeh\u00f6r och f\u00f6rbrukning<\/strong> anpassade f\u00f6r v\u00e5ra MAX-produkter samt regelbunden service. Det \u00e4r ett bra s\u00e4tt att f\u00f6rs\u00e4kra sig om ditt verktygs funktion under m\u00e5nga \u00e5r. Tillbeh\u00f6ren finns hos ledande \u00e5terf\u00f6rs\u00e4ljare och uthyrningsf\u00f6retag.<\/p>\n<\/div>\n<div>\n<p>I tillbeh\u00f6rssortimentet finns givetvis f\u00f6rbrukningsmaterial som pins f\u00f6r betong, tr\u00e4 och st\u00e5l, dyckert, slangar f\u00f6r h\u00f6gtryckssystemet, gaspatroner, batterier och najtr\u00e5d \u2013 allt med MAX kvalitet.<\/p>\n<\/div>\n<p>[\/vc_column_text][\/vc_column][vc_column width=&#8221;1\/6&#8243;][vc_empty_space][\/vc_column][\/vc_row]<\/p><\/div>","protected":false},"excerpt":{"rendered":"<p>[vc_row full_width=&#8221;stretch_row_content&#8221;][vc_column width=&#8221;1\/6&#8243;][vc_empty_space][\/vc_column][vc_column width=&#8221;2\/3&#8243;][vc_empty_space][vc_column_text css=&#8221;&#8221;] Godk\u00e4nda tillbeh\u00f6r till MAX verktyg f\u00f6r max prestanda och livsl\u00e4ngd Anv\u00e4nd bara godk\u00e4nda tillbeh\u00f6r och f\u00f6rbrukning anpassade f\u00f6r v\u00e5ra MAX-produkter samt regelbunden service. Det \u00e4r ett bra s\u00e4tt att f\u00f6rs\u00e4kra sig om ditt verktygs funktion under m\u00e5nga \u00e5r. Tillbeh\u00f6ren finns hos ledande \u00e5terf\u00f6rs\u00e4ljare och uthyrningsf\u00f6retag. I tillbeh\u00f6rssortimentet finns givetvis f\u00f6rbrukningsmaterial <a class=\"read-more\" href=\"https:\/\/www.ergofast.se\/produkter\/verktyg\/tillbehor\/\">&hellip;<\/a><\/p>","protected":false},"author":1,"featured_media":4109,"parent":1821,"menu_order":0,"comment_status":"closed","ping_status":"closed","template":"","meta":{"_acf_changed":false,"footnotes":""},"class_list":["post-3675","page","type-page","status-publish","has-post-thumbnail","hentry"],"acf":[],"yoast_head":"<!-- This site is optimized with the Yoast SEO plugin v26.4 - https:\/\/yoast.com\/wordpress\/plugins\/seo\/ -->\n<title>Godk\u00e4nda tillbeh\u00f6r och f\u00f6rbrukning f\u00f6r MAX verktyg<\/title>\n<meta name=\"description\" content=\"S\u00e4kerst\u00e4ll prestandan \u00e4r ett bra s\u00e4tt att serva regelbundet och enbart anv\u00e4nda godk\u00e4nda tillbeh\u00f6r och f\u00f6rbrukning f\u00f6r MAX verktyg\" \/>\n<meta name=\"robots\" content=\"index, follow, max-snippet:-1, max-image-preview:large, max-video-preview:-1\" \/>\n<link rel=\"canonical\" href=\"https:\/\/www.ergofast.se\/produkter\/verktyg\/tillbehor\/\" \/>\n<meta property=\"og:locale\" content=\"sv_SE\" \/>\n<meta property=\"og:type\" content=\"article\" \/>\n<meta property=\"og:title\" content=\"Godk\u00e4nda tillbeh\u00f6r och f\u00f6rbrukning f\u00f6r MAX verktyg\" \/>\n<meta property=\"og:description\" content=\"S\u00e4kerst\u00e4ll prestandan \u00e4r ett bra s\u00e4tt att serva regelbundet och enbart anv\u00e4nda godk\u00e4nda tillbeh\u00f6r och f\u00f6rbrukning f\u00f6r MAX verktyg\" \/>\n<meta property=\"og:url\" content=\"https:\/\/www.ergofast.se\/produkter\/verktyg\/tillbehor\/\" \/>\n<meta property=\"og:site_name\" content=\"Ergofast\" \/>\n<meta property=\"article:modified_time\" content=\"2024-12-11T15:42:36+00:00\" \/>\n<meta property=\"og:image\" content=\"https:\/\/www.ergofast.se\/produkter\/wp-content\/uploads\/2020\/02\/tillbeh\u00f6r.jpg\" \/>\n\t<meta property=\"og:image:width\" content=\"1200\" \/>\n\t<meta property=\"og:image:height\" content=\"440\" \/>\n\t<meta property=\"og:image:type\" content=\"image\/jpeg\" \/>\n<meta name=\"twitter:card\" content=\"summary_large_image\" \/>\n<meta name=\"twitter:label1\" content=\"Ber\u00e4knad l\u00e4stid\" \/>\n\t<meta name=\"twitter:data1\" content=\"1 minut\" \/>\n<script type=\"application\/ld+json\" class=\"yoast-schema-graph\">{\"@context\":\"https:\/\/schema.org\",\"@graph\":[{\"@type\":\"WebPage\",\"@id\":\"https:\/\/www.ergofast.se\/produkter\/verktyg\/tillbehor\/\",\"url\":\"https:\/\/www.ergofast.se\/produkter\/verktyg\/tillbehor\/\",\"name\":\"Godk\u00e4nda tillbeh\u00f6r och f\u00f6rbrukning f\u00f6r MAX verktyg\",\"isPartOf\":{\"@id\":\"https:\/\/www.ergofast.se\/produkter\/#website\"},\"primaryImageOfPage\":{\"@id\":\"https:\/\/www.ergofast.se\/produkter\/verktyg\/tillbehor\/#primaryimage\"},\"image\":{\"@id\":\"https:\/\/www.ergofast.se\/produkter\/verktyg\/tillbehor\/#primaryimage\"},\"thumbnailUrl\":\"https:\/\/www.ergofast.se\/produkter\/wp-content\/uploads\/2020\/02\/tillbeh\u00f6r.jpg\",\"datePublished\":\"2019-12-05T12:57:47+00:00\",\"dateModified\":\"2024-12-11T15:42:36+00:00\",\"description\":\"S\u00e4kerst\u00e4ll prestandan \u00e4r ett bra s\u00e4tt att serva regelbundet och enbart anv\u00e4nda godk\u00e4nda tillbeh\u00f6r och f\u00f6rbrukning f\u00f6r MAX verktyg\",\"breadcrumb\":{\"@id\":\"https:\/\/www.ergofast.se\/produkter\/verktyg\/tillbehor\/#breadcrumb\"},\"inLanguage\":\"sv-SE\",\"potentialAction\":[{\"@type\":\"ReadAction\",\"target\":[\"https:\/\/www.ergofast.se\/produkter\/verktyg\/tillbehor\/\"]}]},{\"@type\":\"ImageObject\",\"inLanguage\":\"sv-SE\",\"@id\":\"https:\/\/www.ergofast.se\/produkter\/verktyg\/tillbehor\/#primaryimage\",\"url\":\"https:\/\/www.ergofast.se\/produkter\/wp-content\/uploads\/2020\/02\/tillbeh\u00f6r.jpg\",\"contentUrl\":\"https:\/\/www.ergofast.se\/produkter\/wp-content\/uploads\/2020\/02\/tillbeh\u00f6r.jpg\",\"width\":1200,\"height\":440},{\"@type\":\"BreadcrumbList\",\"@id\":\"https:\/\/www.ergofast.se\/produkter\/verktyg\/tillbehor\/#breadcrumb\",\"itemListElement\":[{\"@type\":\"ListItem\",\"position\":1,\"name\":\"Hem\",\"item\":\"https:\/\/www.ergofast.se\/produkter\/\"},{\"@type\":\"ListItem\",\"position\":2,\"name\":\"Verktyg\",\"item\":\"https:\/\/www.ergofast.se\/produkter\/verktyg\/\"},{\"@type\":\"ListItem\",\"position\":3,\"name\":\"Tillbeh\u00f6r\"}]},{\"@type\":\"WebSite\",\"@id\":\"https:\/\/www.ergofast.se\/produkter\/#website\",\"url\":\"https:\/\/www.ergofast.se\/produkter\/\",\"name\":\"Ergofast\",\"description\":\"Pro Fastening Solutions\",\"potentialAction\":[{\"@type\":\"SearchAction\",\"target\":{\"@type\":\"EntryPoint\",\"urlTemplate\":\"https:\/\/www.ergofast.se\/produkter\/?s={search_term_string}\"},\"query-input\":{\"@type\":\"PropertyValueSpecification\",\"valueRequired\":true,\"valueName\":\"search_term_string\"}}],\"inLanguage\":\"sv-SE\"}]}<\/script>\n<!-- \/ Yoast SEO plugin. -->","yoast_head_json":{"title":"Godk\u00e4nda tillbeh\u00f6r och f\u00f6rbrukning f\u00f6r MAX verktyg","description":"S\u00e4kerst\u00e4ll prestandan \u00e4r ett bra s\u00e4tt att serva regelbundet och enbart anv\u00e4nda godk\u00e4nda tillbeh\u00f6r och f\u00f6rbrukning f\u00f6r MAX verktyg","robots":{"index":"index","follow":"follow","max-snippet":"max-snippet:-1","max-image-preview":"max-image-preview:large","max-video-preview":"max-video-preview:-1"},"canonical":"https:\/\/www.ergofast.se\/produkter\/verktyg\/tillbehor\/","og_locale":"sv_SE","og_type":"article","og_title":"Godk\u00e4nda tillbeh\u00f6r och f\u00f6rbrukning f\u00f6r MAX verktyg","og_description":"S\u00e4kerst\u00e4ll prestandan \u00e4r ett bra s\u00e4tt att serva regelbundet och enbart anv\u00e4nda godk\u00e4nda tillbeh\u00f6r och f\u00f6rbrukning f\u00f6r MAX verktyg","og_url":"https:\/\/www.ergofast.se\/produkter\/verktyg\/tillbehor\/","og_site_name":"Ergofast","article_modified_time":"2024-12-11T15:42:36+00:00","og_image":[{"width":1200,"height":440,"url":"https:\/\/www.ergofast.se\/produkter\/wp-content\/uploads\/2020\/02\/tillbeh\u00f6r.jpg","type":"image\/jpeg"}],"twitter_card":"summary_large_image","twitter_misc":{"Ber\u00e4knad l\u00e4stid":"1 minut"},"schema":{"@context":"https:\/\/schema.org","@graph":[{"@type":"WebPage","@id":"https:\/\/www.ergofast.se\/produkter\/verktyg\/tillbehor\/","url":"https:\/\/www.ergofast.se\/produkter\/verktyg\/tillbehor\/","name":"Godk\u00e4nda tillbeh\u00f6r och f\u00f6rbrukning f\u00f6r MAX verktyg","isPartOf":{"@id":"https:\/\/www.ergofast.se\/produkter\/#website"},"primaryImageOfPage":{"@id":"https:\/\/www.ergofast.se\/produkter\/verktyg\/tillbehor\/#primaryimage"},"image":{"@id":"https:\/\/www.ergofast.se\/produkter\/verktyg\/tillbehor\/#primaryimage"},"thumbnailUrl":"https:\/\/www.ergofast.se\/produkter\/wp-content\/uploads\/2020\/02\/tillbeh\u00f6r.jpg","datePublished":"2019-12-05T12:57:47+00:00","dateModified":"2024-12-11T15:42:36+00:00","description":"S\u00e4kerst\u00e4ll prestandan \u00e4r ett bra s\u00e4tt att serva regelbundet och enbart anv\u00e4nda godk\u00e4nda tillbeh\u00f6r och f\u00f6rbrukning f\u00f6r MAX verktyg","breadcrumb":{"@id":"https:\/\/www.ergofast.se\/produkter\/verktyg\/tillbehor\/#breadcrumb"},"inLanguage":"sv-SE","potentialAction":[{"@type":"ReadAction","target":["https:\/\/www.ergofast.se\/produkter\/verktyg\/tillbehor\/"]}]},{"@type":"ImageObject","inLanguage":"sv-SE","@id":"https:\/\/www.ergofast.se\/produkter\/verktyg\/tillbehor\/#primaryimage","url":"https:\/\/www.ergofast.se\/produkter\/wp-content\/uploads\/2020\/02\/tillbeh\u00f6r.jpg","contentUrl":"https:\/\/www.ergofast.se\/produkter\/wp-content\/uploads\/2020\/02\/tillbeh\u00f6r.jpg","width":1200,"height":440},{"@type":"BreadcrumbList","@id":"https:\/\/www.ergofast.se\/produkter\/verktyg\/tillbehor\/#breadcrumb","itemListElement":[{"@type":"ListItem","position":1,"name":"Hem","item":"https:\/\/www.ergofast.se\/produkter\/"},{"@type":"ListItem","position":2,"name":"Verktyg","item":"https:\/\/www.ergofast.se\/produkter\/verktyg\/"},{"@type":"ListItem","position":3,"name":"Tillbeh\u00f6r"}]},{"@type":"WebSite","@id":"https:\/\/www.ergofast.se\/produkter\/#website","url":"https:\/\/www.ergofast.se\/produkter\/","name":"Ergofast","description":"Pro Fastening Solutions","potentialAction":[{"@type":"SearchAction","target":{"@type":"EntryPoint","urlTemplate":"https:\/\/www.ergofast.se\/produkter\/?s={search_term_string}"},"query-input":{"@type":"PropertyValueSpecification","valueRequired":true,"valueName":"search_term_string"}}],"inLanguage":"sv-SE"}]}},"_links":{"self":[{"href":"https:\/\/www.ergofast.se\/produkter\/wp-json\/wp\/v2\/pages\/3675","targetHints":{"allow":["GET"]}}],"collection":[{"href":"https:\/\/www.ergofast.se\/produkter\/wp-json\/wp\/v2\/pages"}],"about":[{"href":"https:\/\/www.ergofast.se\/produkter\/wp-json\/wp\/v2\/types\/page"}],"author":[{"embeddable":true,"href":"https:\/\/www.ergofast.se\/produkter\/wp-json\/wp\/v2\/users\/1"}],"replies":[{"embeddable":true,"href":"https:\/\/www.ergofast.se\/produkter\/wp-json\/wp\/v2\/comments?post=3675"}],"version-history":[{"count":10,"href":"https:\/\/www.ergofast.se\/produkter\/wp-json\/wp\/v2\/pages\/3675\/revisions"}],"predecessor-version":[{"id":7113,"href":"https:\/\/www.ergofast.se\/produkter\/wp-json\/wp\/v2\/pages\/3675\/revisions\/7113"}],"up":[{"embeddable":true,"href":"https:\/\/www.ergofast.se\/produkter\/wp-json\/wp\/v2\/pages\/1821"}],"wp:featuredmedia":[{"embeddable":true,"href":"https:\/\/www.ergofast.se\/produkter\/wp-json\/wp\/v2\/media\/4109"}],"wp:attachment":[{"href":"https:\/\/www.ergofast.se\/produkter\/wp-json\/wp\/v2\/media?parent=3675"}],"curies":[{"name":"wp","href":"https:\/\/api.w.org\/{rel}","templated":true}]}}