{"id":3657,"date":"2019-12-05T13:47:47","date_gmt":"2019-12-05T12:47:47","guid":{"rendered":"https:\/\/www.ergofast.se\/produkter\/?page_id=3657"},"modified":"2025-02-24T10:32:42","modified_gmt":"2025-02-24T09:32:42","slug":"trabyggnation","status":"publish","type":"page","link":"https:\/\/www.ergofast.se\/produkter\/trabyggnation\/","title":{"rendered":"Tr\u00e4byggnation"},"content":{"rendered":"<div class=\"wpb-content-wrapper\"><p>[vc_row full_width=&#8221;stretch_row_content&#8221; content_placement=&#8221;top&#8221; css=&#8221;.vc_custom_1732028025684{margin-top: -40px !important;margin-bottom: -40px !important;background-color: #F7F4F2 !important;}&#8221;][vc_column width=&#8221;1\/6&#8243;][vc_empty_space][\/vc_column][vc_column width=&#8221;2\/3&#8243; css=&#8221;.vc_custom_1731593255952{padding-right: 2em !important;padding-left: 2em !important;background-color: #FFFFFF !important;}&#8221;][vc_empty_space height=&#8221;20&#8243;][vc_column_text css=&#8221;&#8221;]<\/p>\n<h1>HOLZ TECHNIC konstruktionsskruv, inf\u00e4stningar, beslag, verktyg och membran f\u00f6r h\u00e5llbart byggande i tr\u00e4<\/h1>\n<div>\n<p class=\"p1\">HOLZ TECHNIC \u2013 en del av det v\u00e4rldsledande italienska Rothoblaas \u2013 har specialiserat sig p\u00e5 produktion av konstruktionsskruv och inf\u00e4stningsprodukter f\u00f6r tr\u00e4 och produkterna \u00e4r numera en del av Ergofasts portf\u00f6lj av premiumprodukter f\u00f6r byggproffs. Samtliga produkter \u00e4r utvecklade av HOLZ TECHNIC\/Rothoblaas egna ingenj\u00f6rer och \u00e4r noggrant kontrollerade, certifierade f\u00f6r att s\u00e4kerst\u00e4lla h\u00f6g kvalitet och s\u00e4ker anv\u00e4ndning. Flera av produkterna \u00e4r unika och samtliga produkter \u00e4r bland de absolut b\u00e4sta p\u00e5 marknaden. HOLZ TECHNIC st\u00e5r f\u00f6r premiumkvalitet till sv\u00e5rslagen prisv\u00e4rdhet. Fr\u00e5n det enklaste skruvbleck till den mest komplicerade dolda inf\u00e4stningen f\u00f6r fasader och KL tr\u00e4 (korslaminerat tr\u00e4).<\/p>\n<p class=\"p1\">Ergofasts erbjudande fr\u00e5n omfattar skruv, skruvbleck, beslag, membraner och tejper, verktyg, ljudisolering samt fallskydd. F\u00f6rutom en rad h\u00f6gt specialiserade produkter f\u00f6r CLT (Cross Laminated Timber) erbjuder v\u00e5rt samarbete m\u00f6jligheter till support fr\u00e5n konsulter och tekniker f\u00f6r att optimera s\u00e5v\u00e4l produktval som inf\u00e4stningsl\u00f6sningar vid komplicerad tr\u00e4byggnation.<\/p>\n<h3>St\u00e4ndig utveckling f\u00f6r tr\u00e4byggnation<\/h3>\n<p>Modernt tr\u00e4husbyggande ger nya utmaningar f\u00f6r konstrukt\u00f6rer och d\u00e4rf\u00f6r arbetar HOLZ TECHNIC st\u00e4ndigt med att utveckla b\u00e5de produkter och support. Supportprogramvaran MyProject ger konstrukt\u00f6rer ett b\u00e5de enkelt och innovativt verktyg f\u00f6r att optimera dimensionering och projektkalkylering.<\/p>\n<p>Produkterna s\u00e4ljs bland annat via \u00e5terf\u00f6rs\u00e4ljaren Ahlsell. <a href=\"https:\/\/www.ergofast.se\/produkter\/wp-content\/uploads\/2025\/01\/210x297-Ergofast_Sortilog-Holz_Ahlsell2023-24_webb.pdf\">Produktkatalog PDF 20 mb.<\/a><br \/>\nMer om produkterna \u2013 kontakta\u00a0<a href=\"mailto:richard.wagner@ergofast.se\">richard.wagner@ergofast.se<\/a> eller 070 532 82 58. Du kan ocks\u00e5 l\u00e4sa mer p\u00e5 <u><a href=\"https:\/\/www.holztechnic.com\/\">Holztechnic.com<\/a><\/u><\/p>\n<\/div>\n<p>[\/vc_column_text][\/vc_column][vc_column width=&#8221;1\/6&#8243;][vc_empty_space][\/vc_column][\/vc_row]<\/p><\/div>","protected":false},"excerpt":{"rendered":"<p>[vc_row full_width=&#8221;stretch_row_content&#8221; content_placement=&#8221;top&#8221; css=&#8221;.vc_custom_1732028025684{margin-top: -40px !important;margin-bottom: -40px !important;background-color: #F7F4F2 !important;}&#8221;][vc_column width=&#8221;1\/6&#8243;][vc_empty_space][\/vc_column][vc_column width=&#8221;2\/3&#8243; css=&#8221;.vc_custom_1731593255952{padding-right: 2em !important;padding-left: 2em !important;background-color: #FFFFFF !important;}&#8221;][vc_empty_space height=&#8221;20&#8243;][vc_column_text css=&#8221;&#8221;] HOLZ TECHNIC konstruktionsskruv, inf\u00e4stningar, beslag, verktyg och membran f\u00f6r h\u00e5llbart byggande i tr\u00e4 HOLZ TECHNIC \u2013 en del av det v\u00e4rldsledande italienska Rothoblaas \u2013 har specialiserat sig p\u00e5 produktion av konstruktionsskruv och inf\u00e4stningsprodukter f\u00f6r <a class=\"read-more\" href=\"https:\/\/www.ergofast.se\/produkter\/trabyggnation\/\">&hellip;<\/a><\/p>","protected":false},"author":1,"featured_media":4112,"parent":0,"menu_order":0,"comment_status":"closed","ping_status":"closed","template":"","meta":{"_acf_changed":false,"footnotes":""},"class_list":["post-3657","page","type-page","status-publish","has-post-thumbnail","hentry"],"acf":[],"yoast_head":"<!-- This site is optimized with the Yoast SEO plugin v26.4 - https:\/\/yoast.com\/wordpress\/plugins\/seo\/ -->\n<title>Verktyg, skruvbleck &amp; beslag | Tr\u00e4byggnation fr\u00e5n Holz Technic<\/title>\n<meta name=\"description\" content=\"Ergofast erbjuder innovativa inf\u00e4stningsprodukter, skruvar, beslag, tejper och membran f\u00f6r modernt byggande i tr\u00e4 fr\u00e5n Holz Technic by Rothoblaas.\" \/>\n<meta name=\"robots\" content=\"index, follow, max-snippet:-1, max-image-preview:large, max-video-preview:-1\" \/>\n<link rel=\"canonical\" href=\"https:\/\/www.ergofast.se\/produkter\/trabyggnation\/\" \/>\n<meta property=\"og:locale\" content=\"sv_SE\" \/>\n<meta property=\"og:type\" content=\"article\" \/>\n<meta property=\"og:title\" content=\"Verktyg, skruvbleck &amp; beslag | Tr\u00e4byggnation fr\u00e5n Holz Technic\" \/>\n<meta property=\"og:description\" content=\"Ergofast erbjuder innovativa inf\u00e4stningsprodukter, skruvar, beslag, tejper och membran f\u00f6r modernt byggande i tr\u00e4 fr\u00e5n Holz Technic by Rothoblaas.\" \/>\n<meta property=\"og:url\" content=\"https:\/\/www.ergofast.se\/produkter\/trabyggnation\/\" \/>\n<meta property=\"og:site_name\" content=\"Ergofast\" \/>\n<meta property=\"article:modified_time\" content=\"2025-02-24T09:32:42+00:00\" \/>\n<meta property=\"og:image\" content=\"https:\/\/www.ergofast.se\/produkter\/wp-content\/uploads\/2020\/02\/HOLZ-1.jpg\" \/>\n\t<meta property=\"og:image:width\" content=\"1200\" \/>\n\t<meta property=\"og:image:height\" content=\"440\" \/>\n\t<meta property=\"og:image:type\" content=\"image\/jpeg\" \/>\n<meta name=\"twitter:card\" content=\"summary_large_image\" \/>\n<meta name=\"twitter:label1\" content=\"Ber\u00e4knad l\u00e4stid\" \/>\n\t<meta name=\"twitter:data1\" content=\"2 minuter\" \/>\n<script type=\"application\/ld+json\" class=\"yoast-schema-graph\">{\"@context\":\"https:\/\/schema.org\",\"@graph\":[{\"@type\":\"WebPage\",\"@id\":\"https:\/\/www.ergofast.se\/produkter\/trabyggnation\/\",\"url\":\"https:\/\/www.ergofast.se\/produkter\/trabyggnation\/\",\"name\":\"Verktyg, skruvbleck & beslag | Tr\u00e4byggnation fr\u00e5n Holz Technic\",\"isPartOf\":{\"@id\":\"https:\/\/www.ergofast.se\/produkter\/#website\"},\"primaryImageOfPage\":{\"@id\":\"https:\/\/www.ergofast.se\/produkter\/trabyggnation\/#primaryimage\"},\"image\":{\"@id\":\"https:\/\/www.ergofast.se\/produkter\/trabyggnation\/#primaryimage\"},\"thumbnailUrl\":\"https:\/\/www.ergofast.se\/produkter\/wp-content\/uploads\/2020\/02\/HOLZ-1.jpg\",\"datePublished\":\"2019-12-05T12:47:47+00:00\",\"dateModified\":\"2025-02-24T09:32:42+00:00\",\"description\":\"Ergofast erbjuder innovativa inf\u00e4stningsprodukter, skruvar, beslag, tejper och membran f\u00f6r modernt byggande i tr\u00e4 fr\u00e5n Holz Technic by Rothoblaas.\",\"breadcrumb\":{\"@id\":\"https:\/\/www.ergofast.se\/produkter\/trabyggnation\/#breadcrumb\"},\"inLanguage\":\"sv-SE\",\"potentialAction\":[{\"@type\":\"ReadAction\",\"target\":[\"https:\/\/www.ergofast.se\/produkter\/trabyggnation\/\"]}]},{\"@type\":\"ImageObject\",\"inLanguage\":\"sv-SE\",\"@id\":\"https:\/\/www.ergofast.se\/produkter\/trabyggnation\/#primaryimage\",\"url\":\"https:\/\/www.ergofast.se\/produkter\/wp-content\/uploads\/2020\/02\/HOLZ-1.jpg\",\"contentUrl\":\"https:\/\/www.ergofast.se\/produkter\/wp-content\/uploads\/2020\/02\/HOLZ-1.jpg\",\"width\":1200,\"height\":440,\"caption\":\"Holz Technic erbjuder inf\u00e4stningar, skruvbleck och beslag\"},{\"@type\":\"BreadcrumbList\",\"@id\":\"https:\/\/www.ergofast.se\/produkter\/trabyggnation\/#breadcrumb\",\"itemListElement\":[{\"@type\":\"ListItem\",\"position\":1,\"name\":\"Hem\",\"item\":\"https:\/\/www.ergofast.se\/produkter\/\"},{\"@type\":\"ListItem\",\"position\":2,\"name\":\"Tr\u00e4byggnation\"}]},{\"@type\":\"WebSite\",\"@id\":\"https:\/\/www.ergofast.se\/produkter\/#website\",\"url\":\"https:\/\/www.ergofast.se\/produkter\/\",\"name\":\"Ergofast\",\"description\":\"Pro Fastening Solutions\",\"potentialAction\":[{\"@type\":\"SearchAction\",\"target\":{\"@type\":\"EntryPoint\",\"urlTemplate\":\"https:\/\/www.ergofast.se\/produkter\/?s={search_term_string}\"},\"query-input\":{\"@type\":\"PropertyValueSpecification\",\"valueRequired\":true,\"valueName\":\"search_term_string\"}}],\"inLanguage\":\"sv-SE\"}]}<\/script>\n<!-- \/ Yoast SEO plugin. -->","yoast_head_json":{"title":"Verktyg, skruvbleck & beslag | Tr\u00e4byggnation fr\u00e5n Holz Technic","description":"Ergofast erbjuder innovativa inf\u00e4stningsprodukter, skruvar, beslag, tejper och membran f\u00f6r modernt byggande i tr\u00e4 fr\u00e5n Holz Technic by Rothoblaas.","robots":{"index":"index","follow":"follow","max-snippet":"max-snippet:-1","max-image-preview":"max-image-preview:large","max-video-preview":"max-video-preview:-1"},"canonical":"https:\/\/www.ergofast.se\/produkter\/trabyggnation\/","og_locale":"sv_SE","og_type":"article","og_title":"Verktyg, skruvbleck & beslag | Tr\u00e4byggnation fr\u00e5n Holz Technic","og_description":"Ergofast erbjuder innovativa inf\u00e4stningsprodukter, skruvar, beslag, tejper och membran f\u00f6r modernt byggande i tr\u00e4 fr\u00e5n Holz Technic by Rothoblaas.","og_url":"https:\/\/www.ergofast.se\/produkter\/trabyggnation\/","og_site_name":"Ergofast","article_modified_time":"2025-02-24T09:32:42+00:00","og_image":[{"width":1200,"height":440,"url":"https:\/\/www.ergofast.se\/produkter\/wp-content\/uploads\/2020\/02\/HOLZ-1.jpg","type":"image\/jpeg"}],"twitter_card":"summary_large_image","twitter_misc":{"Ber\u00e4knad l\u00e4stid":"2 minuter"},"schema":{"@context":"https:\/\/schema.org","@graph":[{"@type":"WebPage","@id":"https:\/\/www.ergofast.se\/produkter\/trabyggnation\/","url":"https:\/\/www.ergofast.se\/produkter\/trabyggnation\/","name":"Verktyg, skruvbleck & beslag | Tr\u00e4byggnation fr\u00e5n Holz Technic","isPartOf":{"@id":"https:\/\/www.ergofast.se\/produkter\/#website"},"primaryImageOfPage":{"@id":"https:\/\/www.ergofast.se\/produkter\/trabyggnation\/#primaryimage"},"image":{"@id":"https:\/\/www.ergofast.se\/produkter\/trabyggnation\/#primaryimage"},"thumbnailUrl":"https:\/\/www.ergofast.se\/produkter\/wp-content\/uploads\/2020\/02\/HOLZ-1.jpg","datePublished":"2019-12-05T12:47:47+00:00","dateModified":"2025-02-24T09:32:42+00:00","description":"Ergofast erbjuder innovativa inf\u00e4stningsprodukter, skruvar, beslag, tejper och membran f\u00f6r modernt byggande i tr\u00e4 fr\u00e5n Holz Technic by Rothoblaas.","breadcrumb":{"@id":"https:\/\/www.ergofast.se\/produkter\/trabyggnation\/#breadcrumb"},"inLanguage":"sv-SE","potentialAction":[{"@type":"ReadAction","target":["https:\/\/www.ergofast.se\/produkter\/trabyggnation\/"]}]},{"@type":"ImageObject","inLanguage":"sv-SE","@id":"https:\/\/www.ergofast.se\/produkter\/trabyggnation\/#primaryimage","url":"https:\/\/www.ergofast.se\/produkter\/wp-content\/uploads\/2020\/02\/HOLZ-1.jpg","contentUrl":"https:\/\/www.ergofast.se\/produkter\/wp-content\/uploads\/2020\/02\/HOLZ-1.jpg","width":1200,"height":440,"caption":"Holz Technic erbjuder inf\u00e4stningar, skruvbleck och beslag"},{"@type":"BreadcrumbList","@id":"https:\/\/www.ergofast.se\/produkter\/trabyggnation\/#breadcrumb","itemListElement":[{"@type":"ListItem","position":1,"name":"Hem","item":"https:\/\/www.ergofast.se\/produkter\/"},{"@type":"ListItem","position":2,"name":"Tr\u00e4byggnation"}]},{"@type":"WebSite","@id":"https:\/\/www.ergofast.se\/produkter\/#website","url":"https:\/\/www.ergofast.se\/produkter\/","name":"Ergofast","description":"Pro Fastening Solutions","potentialAction":[{"@type":"SearchAction","target":{"@type":"EntryPoint","urlTemplate":"https:\/\/www.ergofast.se\/produkter\/?s={search_term_string}"},"query-input":{"@type":"PropertyValueSpecification","valueRequired":true,"valueName":"search_term_string"}}],"inLanguage":"sv-SE"}]}},"_links":{"self":[{"href":"https:\/\/www.ergofast.se\/produkter\/wp-json\/wp\/v2\/pages\/3657","targetHints":{"allow":["GET"]}}],"collection":[{"href":"https:\/\/www.ergofast.se\/produkter\/wp-json\/wp\/v2\/pages"}],"about":[{"href":"https:\/\/www.ergofast.se\/produkter\/wp-json\/wp\/v2\/types\/page"}],"author":[{"embeddable":true,"href":"https:\/\/www.ergofast.se\/produkter\/wp-json\/wp\/v2\/users\/1"}],"replies":[{"embeddable":true,"href":"https:\/\/www.ergofast.se\/produkter\/wp-json\/wp\/v2\/comments?post=3657"}],"version-history":[{"count":45,"href":"https:\/\/www.ergofast.se\/produkter\/wp-json\/wp\/v2\/pages\/3657\/revisions"}],"predecessor-version":[{"id":7219,"href":"https:\/\/www.ergofast.se\/produkter\/wp-json\/wp\/v2\/pages\/3657\/revisions\/7219"}],"wp:featuredmedia":[{"embeddable":true,"href":"https:\/\/www.ergofast.se\/produkter\/wp-json\/wp\/v2\/media\/4112"}],"wp:attachment":[{"href":"https:\/\/www.ergofast.se\/produkter\/wp-json\/wp\/v2\/media?parent=3657"}],"curies":[{"name":"wp","href":"https:\/\/api.w.org\/{rel}","templated":true}]}}