{"id":3034,"date":"2017-09-25T10:50:41","date_gmt":"2017-09-25T08:50:41","guid":{"rendered":"https:\/\/www.ergofast.se\/produkter\/?page_id=3034"},"modified":"2026-04-15T11:45:59","modified_gmt":"2026-04-15T09:45:59","slug":"installationssystem","status":"publish","type":"page","link":"https:\/\/www.ergofast.se\/produkter\/installationssystem\/","title":{"rendered":"Installation"},"content":{"rendered":"<div class=\"wpb-content-wrapper\"><p>[vc_row full_width=&#8221;stretch_row_content&#8221; bg_color=&#8221;#ffffff&#8221; margin_top=&#8221;0&#8243; padding_top=&#8221;0&#8243; css=&#8221;.vc_custom_1732028927378{margin-top: -40px !important;margin-bottom: -40px !important;padding-right: 20px !important;background-color: #F7F4F2 !important;}&#8221;][vc_column width=&#8221;1\/6&#8243; css=&#8221;.vc_custom_1429530270059{padding-top: 40px !important;}&#8221;][vc_empty_space][\/vc_column][vc_column width=&#8221;2\/3&#8243; css=&#8221;.vc_custom_1731662029965{padding-top: 70px !important;background-color: #FFFFFF !important;}&#8221;][vc_empty_space][vc_column_text css=&#8221;.vc_custom_1747130503259{padding-right: 15px !important;padding-left: 15px !important;}&#8221; el_class=&#8221;max_lev_text_p&#8221;]<\/p>\n<h1 style=\"text-align: left;\">MEFAs montage- och<br \/>\ninstallationssystem f\u00f6r<br \/>\nel, VVS, ventilation och industri<\/h1>\n<p><a href=\"https:\/\/www.ergofast.se\/produkter\/wp-content\/uploads\/2020\/02\/installation.jpg\"><img loading=\"lazy\" decoding=\"async\" class=\"size-medium wp-image-4062 alignleft\" src=\"https:\/\/www.ergofast.se\/produkter\/wp-content\/uploads\/2020\/02\/installation-300x110.jpg\" alt=\"Mefa montage- och Installationssystem\" width=\"300\" height=\"110\" srcset=\"https:\/\/www.ergofast.se\/produkter\/wp-content\/uploads\/2020\/02\/installation-300x110.jpg 300w, https:\/\/www.ergofast.se\/produkter\/wp-content\/uploads\/2020\/02\/installation-1024x375.jpg 1024w, https:\/\/www.ergofast.se\/produkter\/wp-content\/uploads\/2020\/02\/installation-768x282.jpg 768w, https:\/\/www.ergofast.se\/produkter\/wp-content\/uploads\/2020\/02\/installation.jpg 1200w\" sizes=\"auto, (max-width: 300px) 100vw, 300px\" \/><\/a><\/p>\n<p>MEFAs montage- och \u00a0installationssystem f\u00f6r el, ventilation, VVS eller f\u00f6r industri finns i flera olika utf\u00f6randen, Stex 35, Stex 45 och CENTUM. Gemensamt f\u00f6r de olika montagesystemen \u00e4r att de \u00e4r uppbyggda av skenor, r\u00f6rkl\u00e4mmor samt grid och \u00e4r b\u00e5de l\u00e4ttmonterade och l\u00e4ttjusterade. V\u00e5ra skenor motsvarar traditionella takj\u00e4rn och underl\u00e4ttar upph\u00e4ngningar f\u00f6r mont\u00f6ren. Installationssystemet finns i olika utf\u00f6randen, EF Stex 35, EF Stex 45 och Centum.<\/p>\n<p>CENTUM systemet har en O-skena (Stex 35 och Stex 45 har C-form) och \u00e4r anpassad f\u00f6r industriell installation f\u00f6r tyngre laster och stora r\u00f6rdimensioner. Precis som \u00f6vriga MEFA installationssystem \u00e4r CENTUM enkelt att anpassa, montera och justera tack vare de i princip stegl\u00f6sa inf\u00e4stningsm\u00f6jligheterna. De varmgalvade skenorna i CENTUM har dessutom f\u00f6rdelen av vara exceptionellt vridstyva tack vare den slutna profilen. Centum \u00e4r ocks\u00e5 kompatibelt med de l\u00e4ttare Mefa Stex-systemen.<\/p>\n<p>Hj\u00e4rtat i MEFAs installationssystem Stex 45 och Stex 35 \u00e4r inf\u00e4stningsbrickorna, vinklarna och f\u00f6tter med bultar. Med en enda vridning positionerar och f\u00e4ster inf\u00e4stningsbrickan med bulten vinklar och upph\u00e4ngningar. Den lilla inf\u00e4stningsbrickan och bulten passar f\u00f6rst\u00e5s \u00f6verallt i systemet s\u00e5 att du kan anpassa montagen helt fritt till dina behov. Skensystemet tar h\u00f6ga laster \u00e4ven med ett tunnare gods i skenan, den l\u00e4gre vikten underl\u00e4ttar f\u00f6r mont\u00f6ren vid montaget. Trots den enkla hanteringen h\u00e5ller konstruktionen f\u00f6r tunga laster.<\/p>\n<p>Enkelhet vid b\u00e5de montering, justering och demontering som \u00e4r den stora f\u00f6rdelen med MEFA installationssystem, inneb\u00e4r en stor besparing i tid p\u00e5 bygget samtidigt som du inte beh\u00f6ver tumma p\u00e5 s\u00e4kerheten. Det har naturligtvis bidragit till populariteten vid installation av el, VVS, ventilation vid vanliga byggen och inom industri.<\/p>\n<p>Kontakta <a href=\"mailto:ken.martensson@ergofast.se\">Ken M\u00e5rtensson<\/a> f\u00f6r hj\u00e4lp med produktval och ber\u00e4kningshj\u00e4lp. Produkterna \u00e5terfinns hos <a href=\"https:\/\/www.ahlsell.se\/\">Ahlsell<\/a>.<\/p>\n<iframe loading=\"lazy\" title=\"Mefa Stex\" width=\"500\" height=\"281\" src=\"https:\/\/www.youtube.com\/embed\/9EYvL9FBr4s?feature=oembed\" frameborder=\"0\" allow=\"accelerometer; autoplay; clipboard-write; encrypted-media; gyroscope; picture-in-picture; web-share\" referrerpolicy=\"strict-origin-when-cross-origin\" allowfullscreen><\/iframe>\n<iframe loading=\"lazy\" title=\"Mefa Centum Montagesbult\" width=\"500\" height=\"281\" src=\"https:\/\/www.youtube.com\/embed\/bSOV-Qmwj6c?feature=oembed\" frameborder=\"0\" allow=\"accelerometer; autoplay; clipboard-write; encrypted-media; gyroscope; picture-in-picture; web-share\" referrerpolicy=\"strict-origin-when-cross-origin\" allowfullscreen><\/iframe>\n<p>[\/vc_column_text][vc_column_text css=&#8221;&#8221; el_class=&#8221;max_lev_text_rubrik&#8221;]<\/p>\n<iframe loading=\"lazy\" title=\"Ergofast Installation\" width=\"500\" height=\"375\" src=\"https:\/\/www.youtube.com\/embed\/2wBl0ue0pVA?feature=oembed\" frameborder=\"0\" allow=\"accelerometer; autoplay; clipboard-write; encrypted-media; gyroscope; picture-in-picture; web-share\" referrerpolicy=\"strict-origin-when-cross-origin\" allowfullscreen><\/iframe>\n<p>MEFA Stex 35,\u00a0 Stex 45 och Centum montagesystem f\u00f6r smidiga montage[\/vc_column_text][\/vc_column][vc_column width=&#8221;1\/6&#8243;][vc_empty_space][vc_column_text css=&#8221;&#8221;]<\/p>\n<h2>Dokument<\/h2>\n<p><a href=\"https:\/\/www.ergofast.se\/produkter\/wp-content\/uploads\/2026\/04\/Installationssortilog-2026.pdf\">Installationssortilog 2026<\/a><\/p>\n<p><a href=\"https:\/\/www.ergofast.se\/produkter\/wp-content\/uploads\/2025\/11\/Sprinklersortilog-2025.pdf\">Sprinklersortilog 2025 PDF 4 mb<\/a><\/p>\n<p><a href=\"https:\/\/www.ergofast.se\/produkter\/wp-content\/uploads\/2017\/09\/Ink\u00f6pslista-MEFA-35-och-45-och-Svep.pdf\">Ink\u00f6pslista <\/a><a href=\"https:\/\/www.ergofast.se\/produkter\/wp-content\/uploads\/2017\/09\/Installationssortilog-2019-interaktiv.pdf\"> Stex 35\/45<\/a><br \/>\n<a href=\"https:\/\/www.ergofast.se\/produkter\/wp-content\/uploads\/2020\/03\/Ink\u00f6pslista-RSK-MEFA-Centum-och-Svep.pdf\">Ink\u00f6pslista CENTUM\u00a0<\/a><\/p>\n<p><a href=\"https:\/\/www.ergofast.se\/produkter\/wp-content\/uploads\/2017\/09\/Upph\u00e4ngningsunderlag_Ergofast.pdf\">Upph\u00e4ngningsunderlag<\/a><\/p>\n<p>L\u00e4nkar till annan sida:<br \/>\n<a href=\"https:\/\/www.mefa.de\/en\/product-overview\/CENTUM\">CENTUM f\u00f6r industrimontage<\/a><br \/>\n<a href=\"https:\/\/www.mefa.de\/en\/productsearch?hierarchicalMenu%5BCategories.en.lvl1%5D%5B0%5D=Profile%20rails&amp;hierarchicalMenu%5BCategories.en.lvl1%5D%5B1%5D=Rail%20system%20Stex%2045\">Stex 45 f\u00f6r ett tungt montage<\/a><br \/>\n<a href=\"https:\/\/www.mefa.de\/en\/productsearch?hierarchicalMenu%5BCategories.en.lvl1%5D%5B0%5D=Profile%20rails&amp;hierarchicalMenu%5BCategories.en.lvl1%5D%5B1%5D=Rail%20system%20Stex%2035\">Stex 35\u00a0f\u00f6r ett l\u00e4tt montage<\/a>[\/vc_column_text][\/vc_column][\/vc_row]<\/p><\/div>","protected":false},"excerpt":{"rendered":"<p>[vc_row full_width=&#8221;stretch_row_content&#8221; bg_color=&#8221;#ffffff&#8221; margin_top=&#8221;0&#8243; padding_top=&#8221;0&#8243; css=&#8221;.vc_custom_1732028927378{margin-top: -40px !important;margin-bottom: -40px !important;padding-right: 20px !important;background-color: #F7F4F2 !important;}&#8221;][vc_column width=&#8221;1\/6&#8243; css=&#8221;.vc_custom_1429530270059{padding-top: 40px !important;}&#8221;][vc_empty_space][\/vc_column][vc_column width=&#8221;2\/3&#8243; css=&#8221;.vc_custom_1731662029965{padding-top: 70px !important;background-color: #FFFFFF !important;}&#8221;][vc_empty_space][vc_column_text css=&#8221;.vc_custom_1747130503259{padding-right: 15px !important;padding-left: 15px !important;}&#8221; el_class=&#8221;max_lev_text_p&#8221;] MEFAs montage- och installationssystem f\u00f6r el, VVS, ventilation och industri MEFAs montage- och \u00a0installationssystem f\u00f6r el, ventilation, VVS eller f\u00f6r industri finns i flera olika <a class=\"read-more\" href=\"https:\/\/www.ergofast.se\/produkter\/installationssystem\/\">&hellip;<\/a><\/p>","protected":false},"author":2,"featured_media":5215,"parent":0,"menu_order":0,"comment_status":"closed","ping_status":"closed","template":"","meta":{"_acf_changed":false,"footnotes":""},"class_list":["post-3034","page","type-page","status-publish","has-post-thumbnail","hentry"],"acf":[],"yoast_head":"<!-- This site is optimized with the Yoast SEO plugin v26.4 - https:\/\/yoast.com\/wordpress\/plugins\/seo\/ -->\n<title>Montage &amp; installationssystem f\u00f6r el, VVS, ventilation &amp; industri<\/title>\n<meta name=\"description\" content=\"Mefas montage- och installationssystem, grid- och skensystem, r\u00f6rkl\u00e4mmor f\u00f6r enkla &amp; komplexa installationer. Vi erbjuder tillbeh\u00f6r, ber\u00e4kningar &amp; m\u00e4ngdning\" \/>\n<meta name=\"robots\" content=\"index, follow, max-snippet:-1, max-image-preview:large, max-video-preview:-1\" \/>\n<link rel=\"canonical\" href=\"https:\/\/www.ergofast.se\/produkter\/installationssystem\/\" \/>\n<meta property=\"og:locale\" content=\"sv_SE\" \/>\n<meta property=\"og:type\" content=\"article\" \/>\n<meta property=\"og:title\" content=\"Montage &amp; installationssystem f\u00f6r el, VVS, ventilation &amp; industri\" \/>\n<meta property=\"og:description\" content=\"Mefas montage- och installationssystem, grid- och skensystem, r\u00f6rkl\u00e4mmor f\u00f6r enkla &amp; komplexa installationer. Vi erbjuder tillbeh\u00f6r, ber\u00e4kningar &amp; m\u00e4ngdning\" \/>\n<meta property=\"og:url\" content=\"https:\/\/www.ergofast.se\/produkter\/installationssystem\/\" \/>\n<meta property=\"og:site_name\" content=\"Ergofast\" \/>\n<meta property=\"article:modified_time\" content=\"2026-04-15T09:45:59+00:00\" \/>\n<meta property=\"og:image\" content=\"https:\/\/www.ergofast.se\/produkter\/wp-content\/uploads\/2021\/12\/IMG_5005-scaled.jpg\" \/>\n\t<meta property=\"og:image:width\" content=\"2560\" \/>\n\t<meta property=\"og:image:height\" content=\"1920\" \/>\n\t<meta property=\"og:image:type\" content=\"image\/jpeg\" \/>\n<meta name=\"twitter:card\" content=\"summary_large_image\" \/>\n<meta name=\"twitter:label1\" content=\"Ber\u00e4knad l\u00e4stid\" \/>\n\t<meta name=\"twitter:data1\" content=\"3 minuter\" \/>\n<script type=\"application\/ld+json\" class=\"yoast-schema-graph\">{\"@context\":\"https:\/\/schema.org\",\"@graph\":[{\"@type\":\"WebPage\",\"@id\":\"https:\/\/www.ergofast.se\/produkter\/installationssystem\/\",\"url\":\"https:\/\/www.ergofast.se\/produkter\/installationssystem\/\",\"name\":\"Montage & installationssystem f\u00f6r el, VVS, ventilation & industri\",\"isPartOf\":{\"@id\":\"https:\/\/www.ergofast.se\/produkter\/#website\"},\"primaryImageOfPage\":{\"@id\":\"https:\/\/www.ergofast.se\/produkter\/installationssystem\/#primaryimage\"},\"image\":{\"@id\":\"https:\/\/www.ergofast.se\/produkter\/installationssystem\/#primaryimage\"},\"thumbnailUrl\":\"https:\/\/www.ergofast.se\/produkter\/wp-content\/uploads\/2021\/12\/IMG_5005-scaled.jpg\",\"datePublished\":\"2017-09-25T08:50:41+00:00\",\"dateModified\":\"2026-04-15T09:45:59+00:00\",\"description\":\"Mefas montage- och installationssystem, grid- och skensystem, r\u00f6rkl\u00e4mmor f\u00f6r enkla & komplexa installationer. Vi erbjuder tillbeh\u00f6r, ber\u00e4kningar & m\u00e4ngdning\",\"breadcrumb\":{\"@id\":\"https:\/\/www.ergofast.se\/produkter\/installationssystem\/#breadcrumb\"},\"inLanguage\":\"sv-SE\",\"potentialAction\":[{\"@type\":\"ReadAction\",\"target\":[\"https:\/\/www.ergofast.se\/produkter\/installationssystem\/\"]}]},{\"@type\":\"ImageObject\",\"inLanguage\":\"sv-SE\",\"@id\":\"https:\/\/www.ergofast.se\/produkter\/installationssystem\/#primaryimage\",\"url\":\"https:\/\/www.ergofast.se\/produkter\/wp-content\/uploads\/2021\/12\/IMG_5005-scaled.jpg\",\"contentUrl\":\"https:\/\/www.ergofast.se\/produkter\/wp-content\/uploads\/2021\/12\/IMG_5005-scaled.jpg\",\"width\":2560,\"height\":1920},{\"@type\":\"BreadcrumbList\",\"@id\":\"https:\/\/www.ergofast.se\/produkter\/installationssystem\/#breadcrumb\",\"itemListElement\":[{\"@type\":\"ListItem\",\"position\":1,\"name\":\"Hem\",\"item\":\"https:\/\/www.ergofast.se\/produkter\/\"},{\"@type\":\"ListItem\",\"position\":2,\"name\":\"Installation\"}]},{\"@type\":\"WebSite\",\"@id\":\"https:\/\/www.ergofast.se\/produkter\/#website\",\"url\":\"https:\/\/www.ergofast.se\/produkter\/\",\"name\":\"Ergofast\",\"description\":\"Pro Fastening Solutions\",\"potentialAction\":[{\"@type\":\"SearchAction\",\"target\":{\"@type\":\"EntryPoint\",\"urlTemplate\":\"https:\/\/www.ergofast.se\/produkter\/?s={search_term_string}\"},\"query-input\":{\"@type\":\"PropertyValueSpecification\",\"valueRequired\":true,\"valueName\":\"search_term_string\"}}],\"inLanguage\":\"sv-SE\"}]}<\/script>\n<!-- \/ Yoast SEO plugin. -->","yoast_head_json":{"title":"Montage & installationssystem f\u00f6r el, VVS, ventilation & industri","description":"Mefas montage- och installationssystem, grid- och skensystem, r\u00f6rkl\u00e4mmor f\u00f6r enkla & komplexa installationer. Vi erbjuder tillbeh\u00f6r, ber\u00e4kningar & m\u00e4ngdning","robots":{"index":"index","follow":"follow","max-snippet":"max-snippet:-1","max-image-preview":"max-image-preview:large","max-video-preview":"max-video-preview:-1"},"canonical":"https:\/\/www.ergofast.se\/produkter\/installationssystem\/","og_locale":"sv_SE","og_type":"article","og_title":"Montage & installationssystem f\u00f6r el, VVS, ventilation & industri","og_description":"Mefas montage- och installationssystem, grid- och skensystem, r\u00f6rkl\u00e4mmor f\u00f6r enkla & komplexa installationer. Vi erbjuder tillbeh\u00f6r, ber\u00e4kningar & m\u00e4ngdning","og_url":"https:\/\/www.ergofast.se\/produkter\/installationssystem\/","og_site_name":"Ergofast","article_modified_time":"2026-04-15T09:45:59+00:00","og_image":[{"width":2560,"height":1920,"url":"https:\/\/www.ergofast.se\/produkter\/wp-content\/uploads\/2021\/12\/IMG_5005-scaled.jpg","type":"image\/jpeg"}],"twitter_card":"summary_large_image","twitter_misc":{"Ber\u00e4knad l\u00e4stid":"3 minuter"},"schema":{"@context":"https:\/\/schema.org","@graph":[{"@type":"WebPage","@id":"https:\/\/www.ergofast.se\/produkter\/installationssystem\/","url":"https:\/\/www.ergofast.se\/produkter\/installationssystem\/","name":"Montage & installationssystem f\u00f6r el, VVS, ventilation & industri","isPartOf":{"@id":"https:\/\/www.ergofast.se\/produkter\/#website"},"primaryImageOfPage":{"@id":"https:\/\/www.ergofast.se\/produkter\/installationssystem\/#primaryimage"},"image":{"@id":"https:\/\/www.ergofast.se\/produkter\/installationssystem\/#primaryimage"},"thumbnailUrl":"https:\/\/www.ergofast.se\/produkter\/wp-content\/uploads\/2021\/12\/IMG_5005-scaled.jpg","datePublished":"2017-09-25T08:50:41+00:00","dateModified":"2026-04-15T09:45:59+00:00","description":"Mefas montage- och installationssystem, grid- och skensystem, r\u00f6rkl\u00e4mmor f\u00f6r enkla & komplexa installationer. Vi erbjuder tillbeh\u00f6r, ber\u00e4kningar & m\u00e4ngdning","breadcrumb":{"@id":"https:\/\/www.ergofast.se\/produkter\/installationssystem\/#breadcrumb"},"inLanguage":"sv-SE","potentialAction":[{"@type":"ReadAction","target":["https:\/\/www.ergofast.se\/produkter\/installationssystem\/"]}]},{"@type":"ImageObject","inLanguage":"sv-SE","@id":"https:\/\/www.ergofast.se\/produkter\/installationssystem\/#primaryimage","url":"https:\/\/www.ergofast.se\/produkter\/wp-content\/uploads\/2021\/12\/IMG_5005-scaled.jpg","contentUrl":"https:\/\/www.ergofast.se\/produkter\/wp-content\/uploads\/2021\/12\/IMG_5005-scaled.jpg","width":2560,"height":1920},{"@type":"BreadcrumbList","@id":"https:\/\/www.ergofast.se\/produkter\/installationssystem\/#breadcrumb","itemListElement":[{"@type":"ListItem","position":1,"name":"Hem","item":"https:\/\/www.ergofast.se\/produkter\/"},{"@type":"ListItem","position":2,"name":"Installation"}]},{"@type":"WebSite","@id":"https:\/\/www.ergofast.se\/produkter\/#website","url":"https:\/\/www.ergofast.se\/produkter\/","name":"Ergofast","description":"Pro Fastening Solutions","potentialAction":[{"@type":"SearchAction","target":{"@type":"EntryPoint","urlTemplate":"https:\/\/www.ergofast.se\/produkter\/?s={search_term_string}"},"query-input":{"@type":"PropertyValueSpecification","valueRequired":true,"valueName":"search_term_string"}}],"inLanguage":"sv-SE"}]}},"_links":{"self":[{"href":"https:\/\/www.ergofast.se\/produkter\/wp-json\/wp\/v2\/pages\/3034","targetHints":{"allow":["GET"]}}],"collection":[{"href":"https:\/\/www.ergofast.se\/produkter\/wp-json\/wp\/v2\/pages"}],"about":[{"href":"https:\/\/www.ergofast.se\/produkter\/wp-json\/wp\/v2\/types\/page"}],"author":[{"embeddable":true,"href":"https:\/\/www.ergofast.se\/produkter\/wp-json\/wp\/v2\/users\/2"}],"replies":[{"embeddable":true,"href":"https:\/\/www.ergofast.se\/produkter\/wp-json\/wp\/v2\/comments?post=3034"}],"version-history":[{"count":81,"href":"https:\/\/www.ergofast.se\/produkter\/wp-json\/wp\/v2\/pages\/3034\/revisions"}],"predecessor-version":[{"id":7555,"href":"https:\/\/www.ergofast.se\/produkter\/wp-json\/wp\/v2\/pages\/3034\/revisions\/7555"}],"wp:featuredmedia":[{"embeddable":true,"href":"https:\/\/www.ergofast.se\/produkter\/wp-json\/wp\/v2\/media\/5215"}],"wp:attachment":[{"href":"https:\/\/www.ergofast.se\/produkter\/wp-json\/wp\/v2\/media?parent=3034"}],"curies":[{"name":"wp","href":"https:\/\/api.w.org\/{rel}","templated":true}]}}