{"id":3018,"date":"2017-09-25T10:04:07","date_gmt":"2017-09-25T08:04:07","guid":{"rendered":"https:\/\/www.ergofast.se\/produkter\/?page_id=3018"},"modified":"2023-02-01T10:03:47","modified_gmt":"2023-02-01T09:03:47","slug":"infastningar","status":"publish","type":"page","link":"https:\/\/www.ergofast.se\/produkter\/infastningar\/","title":{"rendered":"Inf\u00e4stning"},"content":{"rendered":"<div class=\"wpb-content-wrapper\"><p>[vc_row bg_color=&#8221;#ffffff&#8221; margin_top=&#8221;0&#8243; padding_top=&#8221;0&#8243;][vc_column width=&#8221;2\/3&#8243; css=&#8221;.vc_custom_1576160871435{padding-top: 3% !important;}&#8221;][vc_column_text el_class=&#8221;max_lev_text_rubrik&#8221;]<\/p>\n<h1>Inf\u00e4stningar f\u00f6r byggproffs med h\u00f6ga krav p\u00e5 kvalitet<\/h1>\n<p>[\/vc_column_text][vc_column_text el_class=&#8221;max_lev_text_p&#8221;]<\/p>\n<p style=\"font-weight: 400;\">Ergofast har stor och l\u00e5ng erfarenhet av inf\u00e4stningar f\u00f6r byggproffs med h\u00f6ga krav p\u00e5 kvalitet. Vi st\u00e4ller stora krav p\u00e5 v\u00e5ra Premium Partners produkter vad g\u00e4ller funktion och innovationsgrad som v\u00e5ra egna. Skulle vi inte hitta en specifik inf\u00e4stningsl\u00f6sning utvecklar vi den sj\u00e4lva eller tillsammans med en partner.<\/p>\n<p style=\"font-weight: 400;\">V\u00e5rt sortiment \u00e4r v\u00e4l anpassat f\u00f6r de behov som finns vid nybyggnation och exempelvis installation av VVS, el, ventilation och sprinklers. Vi har inf\u00e4stningar f\u00f6r alla material som f\u00f6rekommer vid ett bygge. Den gemensamma n\u00e4mnaren f\u00f6r allt produkterna vi s\u00e4ljer \u00e4r de alla \u00e4r i toppklass vad det g\u00e4ller h\u00e5llfasthet och anv\u00e4ndarv\u00e4nlighet och att de underl\u00e4ttar bygget v\u00e4sentligt.<\/p>\n<h3 style=\"font-weight: 400;\">H\u00f6gkvalitativa inf\u00e4stningsprodukter f\u00f6r betong, st\u00e5l och tr\u00e4<\/h3>\n<p style=\"font-weight: 400;\"><strong>Ergofast<\/strong> har utvecklat egna inf\u00e4stningar som underl\u00e4ttar arbetet genom att eliminera flera moment \u2013 flera sj\u00e4lvborrande skruvar som GTX och ventilationsskruven till isolerspik och kem.<\/p>\n<p style=\"font-weight: 400;\"><strong>Holz Technic<\/strong> som \u00e4r en del av Rothoblaas har ett innovativt syns\u00e4tt och utvecklar st\u00e4ndigt b\u00e4ttre produkter som effektiviserar tr\u00e4byggnation. Det ger nya m\u00f6jligheter till fantastiska byggnader. Som en av Europas producenter av beslag, inf\u00e4stningar och tillbeh\u00f6r f\u00f6r\u00a0<a href=\"https:\/\/www.ergofast.se\/produkter\/trabyggnation\/\">inf\u00e4stning<\/a>\u00a0i tr\u00e4 \u00e4r sortimentet omfattande. F\u00f6rutom skruv och beslag har Holz Technic \u00e4ven \u00e5ngsp\u00e4rrar, tejper och verktyg f\u00f6r modern tr\u00e4byggnation.<\/p>\n<p>Tyska <strong>MKT <\/strong>har producerat h\u00f6gkvalitativa inf\u00e4stningar med mycket goda prestanda i s\u00e5v\u00e4l solid som sprucken betong. Sortimentet innefattar s\u00e5v\u00e4l plugg som expanderbultar och kem.<\/p>\n<p style=\"font-weight: 400;\">Kontakta oss eller din \u00e5terf\u00f6rs\u00e4ljare f\u00f6r ytterligare information om inf\u00e4stningar f\u00f6r byggproffs fr\u00e5n Ergofast, MKT och Holz Technic.<\/p>\n<p>[\/vc_column_text][\/vc_column][vc_column width=&#8221;1\/3&#8243;][vc_empty_space height=&#8221;52px&#8221;][vc_single_image image=&#8221;5861&#8243; img_size=&#8221;full&#8221; alignment=&#8221;center&#8221;][vc_column_text]<em>Ergofasts egenutvecklade skruvar \u2013 f\u00f6renklar montage och spar tid p\u00e5 bygget.<\/em>[\/vc_column_text][\/vc_column][\/vc_row]<\/p><\/div>","protected":false},"excerpt":{"rendered":"<p>[vc_row bg_color=&#8221;#ffffff&#8221; margin_top=&#8221;0&#8243; padding_top=&#8221;0&#8243;][vc_column width=&#8221;2\/3&#8243; css=&#8221;.vc_custom_1576160871435{padding-top: 3% !important;}&#8221;][vc_column_text el_class=&#8221;max_lev_text_rubrik&#8221;] Inf\u00e4stningar f\u00f6r byggproffs med h\u00f6ga krav p\u00e5 kvalitet [\/vc_column_text][vc_column_text el_class=&#8221;max_lev_text_p&#8221;] Ergofast har stor och l\u00e5ng erfarenhet av inf\u00e4stningar f\u00f6r byggproffs med h\u00f6ga krav p\u00e5 kvalitet. Vi st\u00e4ller stora krav p\u00e5 v\u00e5ra Premium Partners produkter vad g\u00e4ller funktion och innovationsgrad som v\u00e5ra egna. Skulle vi inte hitta <a class=\"read-more\" href=\"https:\/\/www.ergofast.se\/produkter\/infastningar\/\">&hellip;<\/a><\/p>","protected":false},"author":2,"featured_media":5783,"parent":0,"menu_order":0,"comment_status":"closed","ping_status":"closed","template":"","meta":{"_acf_changed":false,"footnotes":""},"class_list":["post-3018","page","type-page","status-publish","has-post-thumbnail","hentry"],"acf":[],"yoast_head":"<!-- This site is optimized with the Yoast SEO plugin v26.4 - https:\/\/yoast.com\/wordpress\/plugins\/seo\/ -->\n<title>Inf\u00e4stningar f\u00f6r byggproffs med h\u00f6ga krav p\u00e5 kvalitet<\/title>\n<meta name=\"description\" content=\"Kemiskt inf\u00e4stning, tung mekanisk inf\u00e4stning och pluggar \u2013 vi har inf\u00e4stningar f\u00f6r byggproffs med h\u00f6ga krav p\u00e5\u00a0kvalitet, enkelhet, smidighet och ergonomi.\" \/>\n<meta name=\"robots\" content=\"index, follow, max-snippet:-1, max-image-preview:large, max-video-preview:-1\" \/>\n<link rel=\"canonical\" href=\"https:\/\/www.ergofast.se\/produkter\/infastningar\/\" \/>\n<meta property=\"og:locale\" content=\"sv_SE\" \/>\n<meta property=\"og:type\" content=\"article\" \/>\n<meta property=\"og:title\" content=\"Inf\u00e4stningar f\u00f6r byggproffs med h\u00f6ga krav p\u00e5 kvalitet\" \/>\n<meta property=\"og:description\" content=\"Kemiskt inf\u00e4stning, tung mekanisk inf\u00e4stning och pluggar \u2013 vi har inf\u00e4stningar f\u00f6r byggproffs med h\u00f6ga krav p\u00e5\u00a0kvalitet, enkelhet, smidighet och ergonomi.\" \/>\n<meta property=\"og:url\" content=\"https:\/\/www.ergofast.se\/produkter\/infastningar\/\" \/>\n<meta property=\"og:site_name\" content=\"Ergofast\" \/>\n<meta property=\"article:modified_time\" content=\"2023-02-01T09:03:47+00:00\" \/>\n<meta property=\"og:image\" content=\"https:\/\/www.ergofast.se\/produkter\/wp-content\/uploads\/2022\/10\/1200x675px_GTX-MBS3.jpg\" \/>\n\t<meta property=\"og:image:width\" content=\"1200\" \/>\n\t<meta property=\"og:image:height\" content=\"675\" \/>\n\t<meta property=\"og:image:type\" content=\"image\/jpeg\" \/>\n<meta name=\"twitter:card\" content=\"summary_large_image\" \/>\n<meta name=\"twitter:label1\" content=\"Ber\u00e4knad l\u00e4stid\" \/>\n\t<meta name=\"twitter:data1\" content=\"2 minuter\" \/>\n<script type=\"application\/ld+json\" class=\"yoast-schema-graph\">{\"@context\":\"https:\/\/schema.org\",\"@graph\":[{\"@type\":\"WebPage\",\"@id\":\"https:\/\/www.ergofast.se\/produkter\/infastningar\/\",\"url\":\"https:\/\/www.ergofast.se\/produkter\/infastningar\/\",\"name\":\"Inf\u00e4stningar f\u00f6r byggproffs med h\u00f6ga krav p\u00e5 kvalitet\",\"isPartOf\":{\"@id\":\"https:\/\/www.ergofast.se\/produkter\/#website\"},\"primaryImageOfPage\":{\"@id\":\"https:\/\/www.ergofast.se\/produkter\/infastningar\/#primaryimage\"},\"image\":{\"@id\":\"https:\/\/www.ergofast.se\/produkter\/infastningar\/#primaryimage\"},\"thumbnailUrl\":\"https:\/\/www.ergofast.se\/produkter\/wp-content\/uploads\/2022\/10\/1200x675px_GTX-MBS3.jpg\",\"datePublished\":\"2017-09-25T08:04:07+00:00\",\"dateModified\":\"2023-02-01T09:03:47+00:00\",\"description\":\"Kemiskt inf\u00e4stning, tung mekanisk inf\u00e4stning och pluggar \u2013 vi har inf\u00e4stningar f\u00f6r byggproffs med h\u00f6ga krav p\u00e5\u00a0kvalitet, enkelhet, smidighet och ergonomi.\",\"breadcrumb\":{\"@id\":\"https:\/\/www.ergofast.se\/produkter\/infastningar\/#breadcrumb\"},\"inLanguage\":\"sv-SE\",\"potentialAction\":[{\"@type\":\"ReadAction\",\"target\":[\"https:\/\/www.ergofast.se\/produkter\/infastningar\/\"]}]},{\"@type\":\"ImageObject\",\"inLanguage\":\"sv-SE\",\"@id\":\"https:\/\/www.ergofast.se\/produkter\/infastningar\/#primaryimage\",\"url\":\"https:\/\/www.ergofast.se\/produkter\/wp-content\/uploads\/2022\/10\/1200x675px_GTX-MBS3.jpg\",\"contentUrl\":\"https:\/\/www.ergofast.se\/produkter\/wp-content\/uploads\/2022\/10\/1200x675px_GTX-MBS3.jpg\",\"width\":1200,\"height\":675,\"caption\":\"Ergofast GTX MBS g\u00f6r montage av h\u00e5rda skivor smidigare i och med den sj\u00e4lvborrande spetsen och skruvskallens utformning\"},{\"@type\":\"BreadcrumbList\",\"@id\":\"https:\/\/www.ergofast.se\/produkter\/infastningar\/#breadcrumb\",\"itemListElement\":[{\"@type\":\"ListItem\",\"position\":1,\"name\":\"Hem\",\"item\":\"https:\/\/www.ergofast.se\/produkter\/\"},{\"@type\":\"ListItem\",\"position\":2,\"name\":\"Inf\u00e4stning\"}]},{\"@type\":\"WebSite\",\"@id\":\"https:\/\/www.ergofast.se\/produkter\/#website\",\"url\":\"https:\/\/www.ergofast.se\/produkter\/\",\"name\":\"Ergofast\",\"description\":\"Pro Fastening Solutions\",\"potentialAction\":[{\"@type\":\"SearchAction\",\"target\":{\"@type\":\"EntryPoint\",\"urlTemplate\":\"https:\/\/www.ergofast.se\/produkter\/?s={search_term_string}\"},\"query-input\":{\"@type\":\"PropertyValueSpecification\",\"valueRequired\":true,\"valueName\":\"search_term_string\"}}],\"inLanguage\":\"sv-SE\"}]}<\/script>\n<!-- \/ Yoast SEO plugin. -->","yoast_head_json":{"title":"Inf\u00e4stningar f\u00f6r byggproffs med h\u00f6ga krav p\u00e5 kvalitet","description":"Kemiskt inf\u00e4stning, tung mekanisk inf\u00e4stning och pluggar \u2013 vi har inf\u00e4stningar f\u00f6r byggproffs med h\u00f6ga krav p\u00e5\u00a0kvalitet, enkelhet, smidighet och ergonomi.","robots":{"index":"index","follow":"follow","max-snippet":"max-snippet:-1","max-image-preview":"max-image-preview:large","max-video-preview":"max-video-preview:-1"},"canonical":"https:\/\/www.ergofast.se\/produkter\/infastningar\/","og_locale":"sv_SE","og_type":"article","og_title":"Inf\u00e4stningar f\u00f6r byggproffs med h\u00f6ga krav p\u00e5 kvalitet","og_description":"Kemiskt inf\u00e4stning, tung mekanisk inf\u00e4stning och pluggar \u2013 vi har inf\u00e4stningar f\u00f6r byggproffs med h\u00f6ga krav p\u00e5\u00a0kvalitet, enkelhet, smidighet och ergonomi.","og_url":"https:\/\/www.ergofast.se\/produkter\/infastningar\/","og_site_name":"Ergofast","article_modified_time":"2023-02-01T09:03:47+00:00","og_image":[{"width":1200,"height":675,"url":"https:\/\/www.ergofast.se\/produkter\/wp-content\/uploads\/2022\/10\/1200x675px_GTX-MBS3.jpg","type":"image\/jpeg"}],"twitter_card":"summary_large_image","twitter_misc":{"Ber\u00e4knad l\u00e4stid":"2 minuter"},"schema":{"@context":"https:\/\/schema.org","@graph":[{"@type":"WebPage","@id":"https:\/\/www.ergofast.se\/produkter\/infastningar\/","url":"https:\/\/www.ergofast.se\/produkter\/infastningar\/","name":"Inf\u00e4stningar f\u00f6r byggproffs med h\u00f6ga krav p\u00e5 kvalitet","isPartOf":{"@id":"https:\/\/www.ergofast.se\/produkter\/#website"},"primaryImageOfPage":{"@id":"https:\/\/www.ergofast.se\/produkter\/infastningar\/#primaryimage"},"image":{"@id":"https:\/\/www.ergofast.se\/produkter\/infastningar\/#primaryimage"},"thumbnailUrl":"https:\/\/www.ergofast.se\/produkter\/wp-content\/uploads\/2022\/10\/1200x675px_GTX-MBS3.jpg","datePublished":"2017-09-25T08:04:07+00:00","dateModified":"2023-02-01T09:03:47+00:00","description":"Kemiskt inf\u00e4stning, tung mekanisk inf\u00e4stning och pluggar \u2013 vi har inf\u00e4stningar f\u00f6r byggproffs med h\u00f6ga krav p\u00e5\u00a0kvalitet, enkelhet, smidighet och ergonomi.","breadcrumb":{"@id":"https:\/\/www.ergofast.se\/produkter\/infastningar\/#breadcrumb"},"inLanguage":"sv-SE","potentialAction":[{"@type":"ReadAction","target":["https:\/\/www.ergofast.se\/produkter\/infastningar\/"]}]},{"@type":"ImageObject","inLanguage":"sv-SE","@id":"https:\/\/www.ergofast.se\/produkter\/infastningar\/#primaryimage","url":"https:\/\/www.ergofast.se\/produkter\/wp-content\/uploads\/2022\/10\/1200x675px_GTX-MBS3.jpg","contentUrl":"https:\/\/www.ergofast.se\/produkter\/wp-content\/uploads\/2022\/10\/1200x675px_GTX-MBS3.jpg","width":1200,"height":675,"caption":"Ergofast GTX MBS g\u00f6r montage av h\u00e5rda skivor smidigare i och med den sj\u00e4lvborrande spetsen och skruvskallens utformning"},{"@type":"BreadcrumbList","@id":"https:\/\/www.ergofast.se\/produkter\/infastningar\/#breadcrumb","itemListElement":[{"@type":"ListItem","position":1,"name":"Hem","item":"https:\/\/www.ergofast.se\/produkter\/"},{"@type":"ListItem","position":2,"name":"Inf\u00e4stning"}]},{"@type":"WebSite","@id":"https:\/\/www.ergofast.se\/produkter\/#website","url":"https:\/\/www.ergofast.se\/produkter\/","name":"Ergofast","description":"Pro Fastening Solutions","potentialAction":[{"@type":"SearchAction","target":{"@type":"EntryPoint","urlTemplate":"https:\/\/www.ergofast.se\/produkter\/?s={search_term_string}"},"query-input":{"@type":"PropertyValueSpecification","valueRequired":true,"valueName":"search_term_string"}}],"inLanguage":"sv-SE"}]}},"_links":{"self":[{"href":"https:\/\/www.ergofast.se\/produkter\/wp-json\/wp\/v2\/pages\/3018","targetHints":{"allow":["GET"]}}],"collection":[{"href":"https:\/\/www.ergofast.se\/produkter\/wp-json\/wp\/v2\/pages"}],"about":[{"href":"https:\/\/www.ergofast.se\/produkter\/wp-json\/wp\/v2\/types\/page"}],"author":[{"embeddable":true,"href":"https:\/\/www.ergofast.se\/produkter\/wp-json\/wp\/v2\/users\/2"}],"replies":[{"embeddable":true,"href":"https:\/\/www.ergofast.se\/produkter\/wp-json\/wp\/v2\/comments?post=3018"}],"version-history":[{"count":47,"href":"https:\/\/www.ergofast.se\/produkter\/wp-json\/wp\/v2\/pages\/3018\/revisions"}],"predecessor-version":[{"id":5872,"href":"https:\/\/www.ergofast.se\/produkter\/wp-json\/wp\/v2\/pages\/3018\/revisions\/5872"}],"wp:featuredmedia":[{"embeddable":true,"href":"https:\/\/www.ergofast.se\/produkter\/wp-json\/wp\/v2\/media\/5783"}],"wp:attachment":[{"href":"https:\/\/www.ergofast.se\/produkter\/wp-json\/wp\/v2\/media?parent=3018"}],"curies":[{"name":"wp","href":"https:\/\/api.w.org\/{rel}","templated":true}]}}