{"id":1919,"date":"2015-10-05T13:58:14","date_gmt":"2015-10-05T11:58:14","guid":{"rendered":"https:\/\/www.ergofast.se\/produkter\/?page_id=1919"},"modified":"2025-09-18T11:40:38","modified_gmt":"2025-09-18T09:40:38","slug":"armeringsklipp","status":"publish","type":"page","link":"https:\/\/www.ergofast.se\/produkter\/verktyg\/armering\/armeringsklipp\/","title":{"rendered":"MAX Armeringsklipp"},"content":{"rendered":"<div class=\"wpb-content-wrapper\"><p>[vc_row row_id=&#8221;ergofast_varumarken_topp&#8221; bg_image=&#8221;2244&#8243; bg_position=&#8221;center top&#8221; margin_top=&#8221;0&#8243; padding_top=&#8221;0&#8243; padding_bottom=&#8221;0&#8243;][vc_column][vc_custom_heading text=&#8221;MAX Armeringsklipp&#8221; font_container=&#8221;tag:h1|font_size:53|text_align:left&#8221; use_theme_fonts=&#8221;yes&#8221; el_class=&#8221;max_headline_top&#8221;][\/vc_column][\/vc_row][vc_row][vc_column][vc_column_text css=&#8221;&#8221;]<\/p>\n<p data-start=\"125\" data-end=\"502\">MAX armeringsklipp \u00e4r ett av de mest effektiva verktygen f\u00f6r armeringsarbete och ett perfekt komplement till MAX najmaskiner. Tillsammans g\u00f6r de ditt arbete b\u00e5de snabbare, enklare och mer ergonomiskt. Den sladdl\u00f6sa designen ger full r\u00f6relsefrihet och flexibilitet p\u00e5 arbetsplatsen, samtidigt som verktyget \u00e4r v\u00e4lbalanserat f\u00f6r att minska belastningen under l\u00e4ngre arbetspass.<\/p>\n<p data-start=\"504\" data-end=\"873\">Med sin h\u00f6ga kapacitet klarar MAX armeringsklipp upp till 16 mm armeringsj\u00e4rn, vilket g\u00f6r det till ett sj\u00e4lvklart val f\u00f6r byggproffs som arbetar med stora m\u00e4ngder armering i betongkonstruktioner, valv, v\u00e4ggar eller prefabricerade element. Den kraftfulla konstruktionen s\u00e4kerst\u00e4ller snabba klipp med h\u00f6g precision, vilket b\u00e5de sparar tid och ger en b\u00e4ttre arbetsmilj\u00f6.<\/p>\n<p data-start=\"875\" data-end=\"1289\">Precis som alla MAX-verktyg \u00e4r armeringsklippen utvecklad f\u00f6r l\u00e5ng livsl\u00e4ngd och tuff anv\u00e4ndning. Med r\u00e4tt underh\u00e5ll f\u00e5r du ett verktyg som levererar p\u00e5litlig prestanda under m\u00e5nga \u00e5r. Vi erbjuder dessutom fullst\u00e4ndig MAX-service f\u00f6r alla v\u00e5ra kunder. Du kan enkelt l\u00e4mna in ditt verktyg p\u00e5 v\u00e5ra Pro Fastening Centres eller kontakta v\u00e5r servicepersonal p\u00e5 huvudkontoret f\u00f6r support, reservdelar och reparationer.<\/p>\n<p data-start=\"1291\" data-end=\"1443\">F\u00f6r dig som arbetar mycket med armering \u00e4r MAX armeringsklipp en investering som snabbt l\u00f6nar sig i form av tidseffektivitet, h\u00e5llbarhet och ergonomi.<\/p>\n<p>[\/vc_column_text][\/vc_column][\/vc_row][vc_row full_width=&#8221;stretch_row&#8221; css=&#8221;.vc_custom_1580286556367{background-color: #f4f0eb !important;}&#8221;][vc_column][vc_basic_grid post_type=&#8221;ergo_products&#8221; max_items=&#8221;-1&#8243; item=&#8221;1831&#8243; css=&#8221;&#8221; taxonomies=&#8221;46&#8243; grid_id=&#8221;vc_gid:1758188415386-82532e8d-47b3-9&#8243;][\/vc_column][\/vc_row]<\/p><\/div>","protected":false},"excerpt":{"rendered":"<p>[vc_row row_id=&#8221;ergofast_varumarken_topp&#8221; bg_image=&#8221;2244&#8243; bg_position=&#8221;center top&#8221; margin_top=&#8221;0&#8243; padding_top=&#8221;0&#8243; padding_bottom=&#8221;0&#8243;][vc_column][vc_custom_heading text=&#8221;MAX Armeringsklipp&#8221; font_container=&#8221;tag:h1|font_size:53|text_align:left&#8221; use_theme_fonts=&#8221;yes&#8221; el_class=&#8221;max_headline_top&#8221;][\/vc_column][\/vc_row][vc_row][vc_column][vc_column_text css=&#8221;&#8221;] MAX armeringsklipp \u00e4r ett av de mest effektiva verktygen f\u00f6r armeringsarbete och ett perfekt komplement till MAX najmaskiner. Tillsammans g\u00f6r de ditt arbete b\u00e5de snabbare, enklare och mer ergonomiskt. Den sladdl\u00f6sa designen ger full r\u00f6relsefrihet och flexibilitet p\u00e5 arbetsplatsen, samtidigt som <a class=\"read-more\" href=\"https:\/\/www.ergofast.se\/produkter\/verktyg\/armering\/armeringsklipp\/\">&hellip;<\/a><\/p>","protected":false},"author":2,"featured_media":0,"parent":3663,"menu_order":0,"comment_status":"closed","ping_status":"closed","template":"","meta":{"_acf_changed":false,"footnotes":""},"class_list":["post-1919","page","type-page","status-publish","hentry"],"acf":[],"yoast_head":"<!-- This site is optimized with the Yoast SEO plugin v26.4 - https:\/\/yoast.com\/wordpress\/plugins\/seo\/ -->\n<title>MAX Armeringsklipp f\u00f6r n\u00e4t | Batteridriven &amp; effektiv | Ergofast<\/title>\n<meta name=\"description\" content=\"Med Max armeringsklipp f\u00f6r n\u00e4t blir armeringsarbetet enklare och effektivare. V\u00e5ra armeringsklipp \u00e4r sladdl\u00f6sa, v\u00e4lbalanserade och kraftfulla.\" \/>\n<meta name=\"robots\" content=\"index, follow, max-snippet:-1, max-image-preview:large, max-video-preview:-1\" \/>\n<link rel=\"canonical\" href=\"https:\/\/www.ergofast.se\/produkter\/verktyg\/armering\/armeringsklipp\/\" \/>\n<meta property=\"og:locale\" content=\"sv_SE\" \/>\n<meta property=\"og:type\" content=\"article\" \/>\n<meta property=\"og:title\" content=\"MAX Armeringsklipp f\u00f6r n\u00e4t | Batteridriven &amp; effektiv | Ergofast\" \/>\n<meta property=\"og:description\" content=\"Med Max armeringsklipp f\u00f6r n\u00e4t blir armeringsarbetet enklare och effektivare. V\u00e5ra armeringsklipp \u00e4r sladdl\u00f6sa, v\u00e4lbalanserade och kraftfulla.\" \/>\n<meta property=\"og:url\" content=\"https:\/\/www.ergofast.se\/produkter\/verktyg\/armering\/armeringsklipp\/\" \/>\n<meta property=\"og:site_name\" content=\"Ergofast\" \/>\n<meta property=\"article:modified_time\" content=\"2025-09-18T09:40:38+00:00\" \/>\n<meta name=\"twitter:card\" content=\"summary_large_image\" \/>\n<meta name=\"twitter:label1\" content=\"Ber\u00e4knad l\u00e4stid\" \/>\n\t<meta name=\"twitter:data1\" content=\"2 minuter\" \/>\n<script type=\"application\/ld+json\" class=\"yoast-schema-graph\">{\"@context\":\"https:\/\/schema.org\",\"@graph\":[{\"@type\":\"WebPage\",\"@id\":\"https:\/\/www.ergofast.se\/produkter\/verktyg\/armering\/armeringsklipp\/\",\"url\":\"https:\/\/www.ergofast.se\/produkter\/verktyg\/armering\/armeringsklipp\/\",\"name\":\"MAX Armeringsklipp f\u00f6r n\u00e4t | Batteridriven & effektiv | Ergofast\",\"isPartOf\":{\"@id\":\"https:\/\/www.ergofast.se\/produkter\/#website\"},\"datePublished\":\"2015-10-05T11:58:14+00:00\",\"dateModified\":\"2025-09-18T09:40:38+00:00\",\"description\":\"Med Max armeringsklipp f\u00f6r n\u00e4t blir armeringsarbetet enklare och effektivare. V\u00e5ra armeringsklipp \u00e4r sladdl\u00f6sa, v\u00e4lbalanserade och kraftfulla.\",\"breadcrumb\":{\"@id\":\"https:\/\/www.ergofast.se\/produkter\/verktyg\/armering\/armeringsklipp\/#breadcrumb\"},\"inLanguage\":\"sv-SE\",\"potentialAction\":[{\"@type\":\"ReadAction\",\"target\":[\"https:\/\/www.ergofast.se\/produkter\/verktyg\/armering\/armeringsklipp\/\"]}]},{\"@type\":\"BreadcrumbList\",\"@id\":\"https:\/\/www.ergofast.se\/produkter\/verktyg\/armering\/armeringsklipp\/#breadcrumb\",\"itemListElement\":[{\"@type\":\"ListItem\",\"position\":1,\"name\":\"Hem\",\"item\":\"https:\/\/www.ergofast.se\/produkter\/\"},{\"@type\":\"ListItem\",\"position\":2,\"name\":\"Verktyg\",\"item\":\"https:\/\/www.ergofast.se\/produkter\/verktyg\/\"},{\"@type\":\"ListItem\",\"position\":3,\"name\":\"Armering\",\"item\":\"https:\/\/www.ergofast.se\/produkter\/verktyg\/armering\/\"},{\"@type\":\"ListItem\",\"position\":4,\"name\":\"MAX Armeringsklipp\"}]},{\"@type\":\"WebSite\",\"@id\":\"https:\/\/www.ergofast.se\/produkter\/#website\",\"url\":\"https:\/\/www.ergofast.se\/produkter\/\",\"name\":\"Ergofast\",\"description\":\"Pro Fastening Solutions\",\"potentialAction\":[{\"@type\":\"SearchAction\",\"target\":{\"@type\":\"EntryPoint\",\"urlTemplate\":\"https:\/\/www.ergofast.se\/produkter\/?s={search_term_string}\"},\"query-input\":{\"@type\":\"PropertyValueSpecification\",\"valueRequired\":true,\"valueName\":\"search_term_string\"}}],\"inLanguage\":\"sv-SE\"}]}<\/script>\n<!-- \/ Yoast SEO plugin. -->","yoast_head_json":{"title":"MAX Armeringsklipp f\u00f6r n\u00e4t | Batteridriven & effektiv | Ergofast","description":"Med Max armeringsklipp f\u00f6r n\u00e4t blir armeringsarbetet enklare och effektivare. V\u00e5ra armeringsklipp \u00e4r sladdl\u00f6sa, v\u00e4lbalanserade och kraftfulla.","robots":{"index":"index","follow":"follow","max-snippet":"max-snippet:-1","max-image-preview":"max-image-preview:large","max-video-preview":"max-video-preview:-1"},"canonical":"https:\/\/www.ergofast.se\/produkter\/verktyg\/armering\/armeringsklipp\/","og_locale":"sv_SE","og_type":"article","og_title":"MAX Armeringsklipp f\u00f6r n\u00e4t | Batteridriven & effektiv | Ergofast","og_description":"Med Max armeringsklipp f\u00f6r n\u00e4t blir armeringsarbetet enklare och effektivare. V\u00e5ra armeringsklipp \u00e4r sladdl\u00f6sa, v\u00e4lbalanserade och kraftfulla.","og_url":"https:\/\/www.ergofast.se\/produkter\/verktyg\/armering\/armeringsklipp\/","og_site_name":"Ergofast","article_modified_time":"2025-09-18T09:40:38+00:00","twitter_card":"summary_large_image","twitter_misc":{"Ber\u00e4knad l\u00e4stid":"2 minuter"},"schema":{"@context":"https:\/\/schema.org","@graph":[{"@type":"WebPage","@id":"https:\/\/www.ergofast.se\/produkter\/verktyg\/armering\/armeringsklipp\/","url":"https:\/\/www.ergofast.se\/produkter\/verktyg\/armering\/armeringsklipp\/","name":"MAX Armeringsklipp f\u00f6r n\u00e4t | Batteridriven & effektiv | Ergofast","isPartOf":{"@id":"https:\/\/www.ergofast.se\/produkter\/#website"},"datePublished":"2015-10-05T11:58:14+00:00","dateModified":"2025-09-18T09:40:38+00:00","description":"Med Max armeringsklipp f\u00f6r n\u00e4t blir armeringsarbetet enklare och effektivare. V\u00e5ra armeringsklipp \u00e4r sladdl\u00f6sa, v\u00e4lbalanserade och kraftfulla.","breadcrumb":{"@id":"https:\/\/www.ergofast.se\/produkter\/verktyg\/armering\/armeringsklipp\/#breadcrumb"},"inLanguage":"sv-SE","potentialAction":[{"@type":"ReadAction","target":["https:\/\/www.ergofast.se\/produkter\/verktyg\/armering\/armeringsklipp\/"]}]},{"@type":"BreadcrumbList","@id":"https:\/\/www.ergofast.se\/produkter\/verktyg\/armering\/armeringsklipp\/#breadcrumb","itemListElement":[{"@type":"ListItem","position":1,"name":"Hem","item":"https:\/\/www.ergofast.se\/produkter\/"},{"@type":"ListItem","position":2,"name":"Verktyg","item":"https:\/\/www.ergofast.se\/produkter\/verktyg\/"},{"@type":"ListItem","position":3,"name":"Armering","item":"https:\/\/www.ergofast.se\/produkter\/verktyg\/armering\/"},{"@type":"ListItem","position":4,"name":"MAX Armeringsklipp"}]},{"@type":"WebSite","@id":"https:\/\/www.ergofast.se\/produkter\/#website","url":"https:\/\/www.ergofast.se\/produkter\/","name":"Ergofast","description":"Pro Fastening Solutions","potentialAction":[{"@type":"SearchAction","target":{"@type":"EntryPoint","urlTemplate":"https:\/\/www.ergofast.se\/produkter\/?s={search_term_string}"},"query-input":{"@type":"PropertyValueSpecification","valueRequired":true,"valueName":"search_term_string"}}],"inLanguage":"sv-SE"}]}},"_links":{"self":[{"href":"https:\/\/www.ergofast.se\/produkter\/wp-json\/wp\/v2\/pages\/1919","targetHints":{"allow":["GET"]}}],"collection":[{"href":"https:\/\/www.ergofast.se\/produkter\/wp-json\/wp\/v2\/pages"}],"about":[{"href":"https:\/\/www.ergofast.se\/produkter\/wp-json\/wp\/v2\/types\/page"}],"author":[{"embeddable":true,"href":"https:\/\/www.ergofast.se\/produkter\/wp-json\/wp\/v2\/users\/2"}],"replies":[{"embeddable":true,"href":"https:\/\/www.ergofast.se\/produkter\/wp-json\/wp\/v2\/comments?post=1919"}],"version-history":[{"count":19,"href":"https:\/\/www.ergofast.se\/produkter\/wp-json\/wp\/v2\/pages\/1919\/revisions"}],"predecessor-version":[{"id":7386,"href":"https:\/\/www.ergofast.se\/produkter\/wp-json\/wp\/v2\/pages\/1919\/revisions\/7386"}],"up":[{"embeddable":true,"href":"https:\/\/www.ergofast.se\/produkter\/wp-json\/wp\/v2\/pages\/3663"}],"wp:attachment":[{"href":"https:\/\/www.ergofast.se\/produkter\/wp-json\/wp\/v2\/media?parent=1919"}],"curies":[{"name":"wp","href":"https:\/\/api.w.org\/{rel}","templated":true}]}}