{"id":178,"date":"2014-12-25T06:27:01","date_gmt":"2014-12-25T06:27:01","guid":{"rendered":"http:\/\/demo.wpcharming.com\/chicago\/?page_id=178"},"modified":"2025-03-04T12:18:46","modified_gmt":"2025-03-04T11:18:46","slug":"ergofast","status":"publish","type":"page","link":"https:\/\/www.ergofast.se\/produkter\/","title":{"rendered":"Ergofast"},"content":{"rendered":"<div class=\"wpb-content-wrapper\"><p>[vc_row full_width=&#8221;stretch_row_content_no_spaces&#8221; css=&#8221;.vc_custom_1732006773374{margin-top: 0px !important;border-top-width: 0px !important;padding-top: 11vh !important;padding-bottom: 11vh !important;background-image: url(https:\/\/www.ergofast.se\/produkter\/wp-content\/uploads\/2024\/01\/pmkikajon_74703_photo_of_happy_crew_contruction_workers_orange__1b0560cc-f51d-4b3e-91ee-ec4744d7b53b_2.png?id=6514) !important;background-position: center !important;background-repeat: no-repeat !important;background-size: cover !important;}&#8221; min_height=&#8221;30vh&#8221;][vc_column parallax=&#8221;content-moving&#8221; css=&#8221;.vc_custom_1732006807808{margin-top: 0px !important;border-top-width: 0px !important;padding-top: 0px !important;}&#8221;][vc_row_inner content_placement=&#8221;middle&#8221;][vc_column_inner][vc_column_text]<\/p>\n<h1 style=\"text-align: center;\"><span style=\"color: #ffffff;\">PRODUKTER F\u00d6R<\/span><br \/>\n<span style=\"color: #ffffff;\">EFFEKTIVT, MODERNT<\/span><br \/>\n<span style=\"color: #ffffff;\">BYGGANDE<\/span><\/h1>\n<p>[\/vc_column_text][\/vc_column_inner][\/vc_row_inner][\/vc_column][\/vc_row][vc_row full_width=&#8221;stretch_row_content&#8221; css=&#8221;.vc_custom_1732025872093{background-color: #ffffff !important;}&#8221;][vc_column width=&#8221;1\/6&#8243;][\/vc_column][vc_column width=&#8221;2\/3&#8243; css=&#8221;.vc_custom_1731658360782{margin-top: 0px !important;border-top-width: 0px !important;padding-top: 0px !important;background-color: #f7f4f2 !important;}&#8221;][vc_row_inner css=&#8221;.vc_custom_1741078874611{background-color: #367488 !important;}&#8221;][vc_column_inner][vc_column_text css_animation=&#8221;bounceIn&#8221; css=&#8221;.vc_custom_1741086816850{padding-top: 35px !important;padding-right: 20px !important;padding-left: 20px !important;}&#8221;]<\/p>\n<h1 style=\"text-align: center;\"><span style=\"color: #ffffff;\">ERGOFAST OUTLET<\/span><\/h1>\n<p>[\/vc_column_text][vc_column_text css=&#8221;.vc_custom_1741086850692{padding-top: -10px !important;}&#8221;]<\/p>\n<p style=\"text-align: center;\"><span style=\"color: #ffffff;\">Passa p\u00e5 att g\u00f6ra ett fynd bland v\u00e5ra produkter som utg\u00e5r ur sortimentet. F\u00f6rbrukningsmaterial, nya och demok\u00f6rda maskiner till starkt rabatterade priser.\u00a0<\/span><\/p>\n<p>[\/vc_column_text][vc_btn title=&#8221;Klicka h\u00e4r f\u00f6r att komma till Ergofast Outlet \u00bb&#8221; align=&#8221;center&#8221; css=&#8221;.vc_custom_1741087123395{padding-bottom: 20px !important;}&#8221; link=&#8221;url:https%3A%2F%2Fwww.ergofast.se%2Fprodukter%2Fverktyg%2Fergofast-outlet%2F|title:Ergofast%20Outlet&#8221;][\/vc_column_inner][\/vc_row_inner][\/vc_column][vc_column width=&#8221;1\/6&#8243;][\/vc_column][\/vc_row][vc_row full_width=&#8221;stretch_row_content&#8221; css=&#8221;.vc_custom_1732025872093{background-color: #ffffff !important;}&#8221;][vc_column width=&#8221;1\/6&#8243;][\/vc_column][vc_column width=&#8221;2\/3&#8243; css=&#8221;.vc_custom_1731658360782{margin-top: 0px !important;border-top-width: 0px !important;padding-top: 0px !important;background-color: #f7f4f2 !important;}&#8221;][vc_row_inner equal_height=&#8221;yes&#8221;][vc_column_inner width=&#8221;1\/2&#8243; css=&#8221;.vc_custom_1731657903337{background-image: url(https:\/\/www.ergofast.se\/produkter\/wp-content\/uploads\/2015\/09\/HS130-black1.png?id=4926) !important;background-position: center !important;background-repeat: no-repeat !important;background-size: cover !important;}&#8221;][vc_empty_space height=&#8221;300px&#8221;][\/vc_column_inner][vc_column_inner width=&#8221;1\/2&#8243; css=&#8221;.vc_custom_1731659861521{padding-top: 0px !important;padding-right: 10px !important;padding-bottom: 0px !important;padding-left: 10px !important;background-color: #F7F5F4 !important;}&#8221;][vc_column_text css=&#8221;.vc_custom_1733304678530{padding-right: 15px !important;padding-left: 15px !important;}&#8221;]<a href=\"https:\/\/www.ergofast.se\/produkter\/verktyg\/\"><img loading=\"lazy\" decoding=\"async\" class=\"alignnone wp-image-4002 size-full\" src=\"https:\/\/www.ergofast.se\/produkter\/wp-content\/uploads\/2020\/01\/MAX-e1578480801569.png\" alt=\"MAX logo\" width=\"120\" height=\"62\" \/><\/a><\/p>\n<h2>MAX OFFICIAL<br \/>\nSUPPLIER AV<br \/>\nHANDVERKTYG I V\u00c4RLDSKLASS<\/h2>\n<p>Som inf\u00e4stningsspecialister har vi p\u00e5 Ergofast en tydlig id\u00e9 om vad som fungerar i l\u00e4ngden. Det \u00e4r d\u00e4rf\u00f6r vi har satsat p\u00e5 ergonomiska och effektiva verktyg f\u00f6r proffsbyggare. MAX inf\u00e4stningsverktyg \u00e4r alla banbrytande p\u00e5 sitt s\u00e4tt. H\u00f6gtrycksystemet Powerlite med l\u00e4tta, n\u00e4rmast rekylfria spikspistoler ligger v\u00e4l i handen och sladdtunna slangar till kraftfulla gasverktyg som ger st\u00f6rre frihet p\u00e5 bygget.<\/p>\n<p>Vi \u00e4r ocks\u00e5 stolta \u00f6ver att erbjuda MAX armeringsverktyg. MAX kraftfulla armeringsklippare g\u00f6r jobbet snabbt och effektivt och de patenterade najmaskinerna g\u00f6r najningsarbetet p\u00e5 br\u00e5kdelen av en sekund. MAX armeringsverktyg blir n\u00e4st intill oumb\u00e4rliga vid stora armeringsarbeten. Med tillbeh\u00f6r som exempelvis v\u00e5r egenutvecklade f\u00f6rl\u00e4ngare kan dessutom armeraren arbeta uppr\u00e4tt vid armering av valv.<\/p>\n<p><a href=\"https:\/\/www.ergofast.se\/produkter\/verktyg\/\" target=\"_blank\" rel=\"noopener\">L\u00e4s mer om v\u00e5ra MAX-produkter h\u00e4r\u00bb<\/a>[\/vc_column_text][\/vc_column_inner][\/vc_row_inner][vc_row_inner equal_height=&#8221;yes&#8221; el_class=&#8221;swap-on-mobile&#8221;][vc_column_inner width=&#8221;1\/2&#8243; css=&#8221;.vc_custom_1731653569194{background-color: #F7F4F2 !important;}&#8221;][vc_column_text css=&#8221;.vc_custom_1733304602267{padding-right: 15px !important;padding-left: 15px !important;}&#8221;]<a href=\"https:\/\/www.ergofast.se\/produkter\/trabyggnation\/\"><img loading=\"lazy\" decoding=\"async\" class=\"alignnone wp-image-4001 size-full\" src=\"https:\/\/www.ergofast.se\/produkter\/wp-content\/uploads\/2020\/01\/LOGO_DEF_BACK-NAVY-CMYK-02-e1578480771668.jpg\" alt=\"Holz Technic logo\" width=\"120\" height=\"119\" \/><\/a><\/p>\n<h2>HOLZ TECHNIC SKRUV,<br \/>\nBESLAG, MEMBRAN och<br \/>\nTEJPER F\u00d6R TR\u00c4BYGGNADER<\/h2>\n<p>HOLZ TECHNIC by Rothoblaas \u00e4r ledande inom innovativa l\u00f6sningar f\u00f6r tr\u00e4byggnation. Deras premiumskruv, beslag, membraner och verktyg \u00e4r utvecklade f\u00f6r modernt byggande i tr\u00e4. Som del av Ergofasts produktportf\u00f6lj erbjuder HOLZ TECHNIC allt fr\u00e5n enklaste skruvbleck till avancerade dolda inf\u00e4stningar f\u00f6r fasader och korslaminerat tr\u00e4 (KL-tr\u00e4). Deras unika produkter kombinerar h\u00f6gsta kvalitet med prisv\u00e4rdhet. Ergofasts samarbete med HOLZ TECHNIC ger ocks\u00e5 tillg\u00e5ng till expertst\u00f6d och programvaran MyProject f\u00f6r att optimera dimensionering och kalkylering f\u00f6r tr\u00e4byggnation.<\/p>\n<p><a href=\"https:\/\/www.ergofast.se\/produkter\/trabyggnation\/\" target=\"_blank\" rel=\"noopener\">L\u00e4s mer om v\u00e5ra HOLZ TECHNIC-produkter h\u00e4r\u00bb<\/a>[\/vc_column_text][\/vc_column_inner][vc_column_inner width=&#8221;1\/2&#8243; css=&#8221;.vc_custom_1731657911830{background-image: url(https:\/\/www.ergofast.se\/produkter\/wp-content\/uploads\/2022\/07\/800x800px_SNK-hink-ute.jpg?id=6191) !important;background-position: center !important;background-repeat: no-repeat !important;background-size: cover !important;}&#8221;][vc_empty_space height=&#8221;300px&#8221;][\/vc_column_inner][\/vc_row_inner][vc_row_inner equal_height=&#8221;yes&#8221; rtl_reverse=&#8221;yes&#8221;][vc_column_inner width=&#8221;1\/2&#8243; css=&#8221;.vc_custom_1731659583608{background-image: url(https:\/\/www.ergofast.se\/produkter\/wp-content\/uploads\/2017\/09\/grid.jpg?id=3042) !important;background-position: center !important;background-repeat: no-repeat !important;background-size: cover !important;}&#8221;][vc_empty_space height=&#8221;300px&#8221;][\/vc_column_inner][vc_column_inner width=&#8221;1\/2&#8243; css=&#8221;.vc_custom_1731653690456{background-color: #F7F4F2 !important;}&#8221;][vc_column_text css=&#8221;.vc_custom_1733304723485{padding-right: 15px !important;padding-left: 15px !important;}&#8221;]<a href=\"https:\/\/www.ergofast.se\/produkter\/installationssystem\/\"><img loading=\"lazy\" decoding=\"async\" class=\"alignnone wp-image-4003 size-full\" src=\"https:\/\/www.ergofast.se\/produkter\/wp-content\/uploads\/2020\/01\/Mefa_logo_lores-e1578480828611.png\" alt=\"Mefa Logotyp\" width=\"120\" height=\"47\" \/><\/a><\/p>\n<h2>MEFA \u2013 SYSTEM F\u00d6R L\u00c4TTA<br \/>\nOCH TUNGA INSTALLATIONER<\/h2>\n<p>MEFA&#8217;s installationssystem \u00e4r robusta och flexibla, med smidig montering och justering utan specialverktyg. Deras skensystem finns i flera utf\u00f6randen:<\/p>\n<ul>\n<li>Stex 35 f\u00f6r l\u00e4ttare installationer,<\/li>\n<li>Stex 45 f\u00f6r medeltunga\/tunga och<\/li>\n<li>CENTUM f\u00f6r industriella, tunga laster.<\/li>\n<\/ul>\n<p>CENTUM&#8217;s vridstyva, varmgalvade skenor med stegl\u00f6sa inf\u00e4stningsm\u00f6jligheter g\u00f6r det till en optimal l\u00f6sning f\u00f6r industrin.\u00a0MEFAs CENTUM tar h\u00f6ga laster men samtidigt \u00e4r kompatibelt med Stex-systemen som i sin tur \u00e4r optimerade f\u00f6r l\u00e4ttare konstruktioner. Enkelheten i montering och justering ger tidsbesparing utan att tumma p\u00e5 s\u00e4kerheten.<\/p>\n<p><a href=\"https:\/\/www.ergofast.se\/produkter\/installationssystem\/\" target=\"_blank\" rel=\"noopener\">L\u00e4s mer om v\u00e5ra installationssystem fr\u00e5n MEFA h\u00e4r\u00bb<\/a>[\/vc_column_text][\/vc_column_inner][\/vc_row_inner][vc_row_inner equal_height=&#8221;yes&#8221; el_class=&#8221;swap-on-mobile&#8221;][vc_column_inner width=&#8221;1\/2&#8243; css=&#8221;.vc_custom_1731654066149{background-color: #F7F4F2 !important;}&#8221;][vc_column_text css=&#8221;.vc_custom_1736511805860{padding-right: 15px !important;padding-left: 15px !important;}&#8221;]<\/p>\n<h2><a href=\"https:\/\/www.ergofast.se\/produkter\/wp-content\/uploads\/2024\/12\/Logo_ergofast_rgb72.png\"><img loading=\"lazy\" decoding=\"async\" class=\"alignnone wp-image-7130 \" src=\"https:\/\/www.ergofast.se\/produkter\/wp-content\/uploads\/2024\/12\/Logo_ergofast_rgb72-300x75.png\" alt=\"ergofast logotyp\" width=\"165\" height=\"33\" \/><\/a><\/h2>\n<h2>V\u00c5RA EGNA PRODUKTER<br \/>\nSOM SPARAR DIN TID<\/h2>\n<p>Under v\u00e5rt eget varum\u00e4rke har vi samlat produkterna som du inte hittar n\u00e5gon annanstans. St\u00f6ter vi p\u00e5 ett inf\u00e4stningsproblem som kr\u00e4ver en specialprodukt som inte finns, d\u00e5 skapar vi den. Som specifika skruvar, kemiprodukter och maskiner, senast den sladdl\u00f6sa\u00a0<a href=\"https:\/\/www.ergofast.se\/product\/isolerspikpistol-ergofast-ef140hd\/\">i<\/a>solerspikpistolen EF200HDLi.<\/p>\n<p><a href=\"https:\/\/www.ergofast.se\/produkter\/verktyg\/ergofast-rd\/\">L\u00e4s mer om v\u00e5ra egna produkter \u00bb<\/a>[\/vc_column_text][\/vc_column_inner][vc_column_inner width=&#8221;1\/2&#8243; css=&#8221;.vc_custom_1731659653948{background-image: url(https:\/\/www.ergofast.se\/produkter\/wp-content\/uploads\/2020\/02\/ErgoFast0010_EF160HDLi-rev_SoMe.jpg?id=4132) !important;background-position: center !important;background-repeat: no-repeat !important;background-size: cover !important;}&#8221;][vc_empty_space height=&#8221;300px&#8221;][\/vc_column_inner][\/vc_row_inner][vc_row_inner equal_height=&#8221;yes&#8221;][vc_column_inner width=&#8221;1\/2&#8243; css=&#8221;.vc_custom_1731659761484{background-image: url(https:\/\/www.ergofast.se\/produkter\/wp-content\/uploads\/2019\/12\/MKT_SZ_m-bakgrund.jpg?id=3699) !important;background-position: center !important;background-repeat: no-repeat !important;background-size: cover !important;}&#8221;][vc_empty_space height=&#8221;300px&#8221;][\/vc_column_inner][vc_column_inner width=&#8221;1\/2&#8243;][vc_column_text css=&#8221;.vc_custom_1733304743989{padding-right: 15px !important;padding-left: 15px !important;}&#8221;]<a href=\"https:\/\/www.ergofast.se\/produkter\/wp-content\/uploads\/2020\/01\/MKT_Logo-e1578480845567.png\"><img loading=\"lazy\" decoding=\"async\" class=\"alignnone wp-image-4004 size-full\" src=\"https:\/\/www.ergofast.se\/produkter\/wp-content\/uploads\/2020\/01\/MKT_Logo-e1578480845567.png\" alt=\"MKT logotyp\" width=\"120\" height=\"41\" \/><\/a><\/p>\n<h2>MKT INF\u00c4STNINGAR F\u00d6R BETONG<\/h2>\n<p>Tyska MKT \u00e4r experter p\u00e5 inf\u00e4stningar f\u00f6r betong, b\u00e5de solid och sprucken. Med \u00f6ver 30 \u00e5rs erfarenhet erbjuder de h\u00f6gkvalitativa expanderbultar och kemiska inf\u00e4stningar. Dessutom tillhandah\u00e5ller de smarta ber\u00e4kningsprogram dimensionering och m\u00e4ngdning f\u00f6r effektivare arbete p\u00e5 byggarbetsplatsen.<\/p>\n<p><a href=\"https:\/\/www.ergofast.se\/produkter\/infastningar\/mkt-infastningar\/\" target=\"_blank\" rel=\"noopener\">L\u00e4s mer om v\u00e5ra inf\u00e4stningar fr\u00e5n MKT h\u00e4r\u00bb<\/a>[\/vc_column_text][\/vc_column_inner][\/vc_row_inner][\/vc_column][vc_column width=&#8221;1\/6&#8243;][\/vc_column][\/vc_row]<\/p><\/div>","protected":false},"excerpt":{"rendered":"<p>[vc_row full_width=&#8221;stretch_row_content_no_spaces&#8221; css=&#8221;.vc_custom_1732006773374{margin-top: 0px !important;border-top-width: 0px !important;padding-top: 11vh !important;padding-bottom: 11vh !important;background-image: url(https:\/\/www.ergofast.se\/produkter\/wp-content\/uploads\/2024\/01\/pmkikajon_74703_photo_of_happy_crew_contruction_workers_orange__1b0560cc-f51d-4b3e-91ee-ec4744d7b53b_2.png?id=6514) !important;background-position: center !important;background-repeat: no-repeat !important;background-size: cover !important;}&#8221; min_height=&#8221;30vh&#8221;][vc_column parallax=&#8221;content-moving&#8221; css=&#8221;.vc_custom_1732006807808{margin-top: 0px !important;border-top-width: 0px !important;padding-top: 0px !important;}&#8221;][vc_row_inner content_placement=&#8221;middle&#8221;][vc_column_inner][vc_column_text] PRODUKTER F\u00d6R EFFEKTIVT, MODERNT BYGGANDE [\/vc_column_text][\/vc_column_inner][\/vc_row_inner][\/vc_column][\/vc_row][vc_row full_width=&#8221;stretch_row_content&#8221; css=&#8221;.vc_custom_1732025872093{background-color: #ffffff !important;}&#8221;][vc_column width=&#8221;1\/6&#8243;][\/vc_column][vc_column width=&#8221;2\/3&#8243; css=&#8221;.vc_custom_1731658360782{margin-top: 0px !important;border-top-width: 0px !important;padding-top: 0px !important;background-color: #f7f4f2 !important;}&#8221;][vc_row_inner css=&#8221;.vc_custom_1741078874611{background-color: #367488 !important;}&#8221;][vc_column_inner][vc_column_text css_animation=&#8221;bounceIn&#8221; css=&#8221;.vc_custom_1741086816850{padding-top: <a class=\"read-more\" href=\"https:\/\/www.ergofast.se\/produkter\/\">&hellip;<\/a><\/p>","protected":false},"author":1,"featured_media":0,"parent":0,"menu_order":0,"comment_status":"closed","ping_status":"closed","template":"","meta":{"_acf_changed":false,"footnotes":""},"class_list":["post-178","page","type-page","status-publish","hentry"],"acf":[],"yoast_head":"<!-- This site is optimized with the Yoast SEO plugin v26.4 - https:\/\/yoast.com\/wordpress\/plugins\/seo\/ -->\n<title>Inf\u00e4stningsl\u00f6sningar och verktyg f\u00f6r effektivt byggande<\/title>\n<meta name=\"description\" content=\"Inf\u00e4stningsl\u00f6sningar och verktyg f\u00f6r effektivt byggande och ledande produkter fr\u00e5n MAX, Mefa, MKT och Holz Technic.\" \/>\n<meta name=\"robots\" content=\"index, follow, max-snippet:-1, max-image-preview:large, max-video-preview:-1\" \/>\n<link rel=\"canonical\" href=\"https:\/\/www.ergofast.se\/produkter\/\" \/>\n<meta property=\"og:locale\" content=\"sv_SE\" \/>\n<meta property=\"og:type\" content=\"article\" \/>\n<meta property=\"og:title\" content=\"Inf\u00e4stningsl\u00f6sningar och verktyg f\u00f6r effektivt byggande\" \/>\n<meta property=\"og:description\" content=\"Inf\u00e4stningsl\u00f6sningar och verktyg f\u00f6r effektivt byggande och ledande produkter fr\u00e5n MAX, Mefa, MKT och Holz Technic.\" \/>\n<meta property=\"og:url\" content=\"https:\/\/www.ergofast.se\/produkter\/\" \/>\n<meta property=\"og:site_name\" content=\"Ergofast\" \/>\n<meta property=\"article:modified_time\" content=\"2025-03-04T11:18:46+00:00\" \/>\n<meta property=\"og:image\" content=\"https:\/\/www.ergofast.se\/produkter\/wp-content\/uploads\/2020\/01\/MAX-e1578480801569.png\" \/>\n\t<meta property=\"og:image:width\" content=\"120\" \/>\n\t<meta property=\"og:image:height\" content=\"62\" \/>\n\t<meta property=\"og:image:type\" content=\"image\/png\" \/>\n<meta name=\"twitter:card\" content=\"summary_large_image\" \/>\n<meta name=\"twitter:label1\" content=\"Ber\u00e4knad l\u00e4stid\" \/>\n\t<meta name=\"twitter:data1\" content=\"5 minuter\" \/>\n<script type=\"application\/ld+json\" class=\"yoast-schema-graph\">{\"@context\":\"https:\/\/schema.org\",\"@graph\":[{\"@type\":\"WebPage\",\"@id\":\"https:\/\/www.ergofast.se\/produkter\/\",\"url\":\"https:\/\/www.ergofast.se\/produkter\/\",\"name\":\"Inf\u00e4stningsl\u00f6sningar och verktyg f\u00f6r effektivt byggande\",\"isPartOf\":{\"@id\":\"https:\/\/www.ergofast.se\/produkter\/#website\"},\"primaryImageOfPage\":{\"@id\":\"https:\/\/www.ergofast.se\/produkter\/#primaryimage\"},\"image\":{\"@id\":\"https:\/\/www.ergofast.se\/produkter\/#primaryimage\"},\"thumbnailUrl\":\"https:\/\/www.ergofast.se\/produkter\/wp-content\/uploads\/2020\/01\/MAX-e1578480801569.png\",\"datePublished\":\"2014-12-25T06:27:01+00:00\",\"dateModified\":\"2025-03-04T11:18:46+00:00\",\"description\":\"Inf\u00e4stningsl\u00f6sningar och verktyg f\u00f6r effektivt byggande och ledande produkter fr\u00e5n MAX, Mefa, MKT och Holz Technic.\",\"breadcrumb\":{\"@id\":\"https:\/\/www.ergofast.se\/produkter\/#breadcrumb\"},\"inLanguage\":\"sv-SE\",\"potentialAction\":[{\"@type\":\"ReadAction\",\"target\":[\"https:\/\/www.ergofast.se\/produkter\/\"]}]},{\"@type\":\"ImageObject\",\"inLanguage\":\"sv-SE\",\"@id\":\"https:\/\/www.ergofast.se\/produkter\/#primaryimage\",\"url\":\"https:\/\/www.ergofast.se\/produkter\/wp-content\/uploads\/2020\/01\/MAX-e1578480801569.png\",\"contentUrl\":\"https:\/\/www.ergofast.se\/produkter\/wp-content\/uploads\/2020\/01\/MAX-e1578480801569.png\",\"width\":120,\"height\":62,\"caption\":\"Max logotyp\"},{\"@type\":\"BreadcrumbList\",\"@id\":\"https:\/\/www.ergofast.se\/produkter\/#breadcrumb\",\"itemListElement\":[{\"@type\":\"ListItem\",\"position\":1,\"name\":\"Hem\",\"item\":\"https:\/\/www.ergofast.se\/produkter\/\"},{\"@type\":\"ListItem\",\"position\":2,\"name\":\"Ergofast\"}]},{\"@type\":\"WebSite\",\"@id\":\"https:\/\/www.ergofast.se\/produkter\/#website\",\"url\":\"https:\/\/www.ergofast.se\/produkter\/\",\"name\":\"Ergofast\",\"description\":\"Pro Fastening Solutions\",\"potentialAction\":[{\"@type\":\"SearchAction\",\"target\":{\"@type\":\"EntryPoint\",\"urlTemplate\":\"https:\/\/www.ergofast.se\/produkter\/?s={search_term_string}\"},\"query-input\":{\"@type\":\"PropertyValueSpecification\",\"valueRequired\":true,\"valueName\":\"search_term_string\"}}],\"inLanguage\":\"sv-SE\"}]}<\/script>\n<!-- \/ Yoast SEO plugin. -->","yoast_head_json":{"title":"Inf\u00e4stningsl\u00f6sningar och verktyg f\u00f6r effektivt byggande","description":"Inf\u00e4stningsl\u00f6sningar och verktyg f\u00f6r effektivt byggande och ledande produkter fr\u00e5n MAX, Mefa, MKT och Holz Technic.","robots":{"index":"index","follow":"follow","max-snippet":"max-snippet:-1","max-image-preview":"max-image-preview:large","max-video-preview":"max-video-preview:-1"},"canonical":"https:\/\/www.ergofast.se\/produkter\/","og_locale":"sv_SE","og_type":"article","og_title":"Inf\u00e4stningsl\u00f6sningar och verktyg f\u00f6r effektivt byggande","og_description":"Inf\u00e4stningsl\u00f6sningar och verktyg f\u00f6r effektivt byggande och ledande produkter fr\u00e5n MAX, Mefa, MKT och Holz Technic.","og_url":"https:\/\/www.ergofast.se\/produkter\/","og_site_name":"Ergofast","article_modified_time":"2025-03-04T11:18:46+00:00","og_image":[{"width":120,"height":62,"url":"https:\/\/www.ergofast.se\/produkter\/wp-content\/uploads\/2020\/01\/MAX-e1578480801569.png","type":"image\/png"}],"twitter_card":"summary_large_image","twitter_misc":{"Ber\u00e4knad l\u00e4stid":"5 minuter"},"schema":{"@context":"https:\/\/schema.org","@graph":[{"@type":"WebPage","@id":"https:\/\/www.ergofast.se\/produkter\/","url":"https:\/\/www.ergofast.se\/produkter\/","name":"Inf\u00e4stningsl\u00f6sningar och verktyg f\u00f6r effektivt byggande","isPartOf":{"@id":"https:\/\/www.ergofast.se\/produkter\/#website"},"primaryImageOfPage":{"@id":"https:\/\/www.ergofast.se\/produkter\/#primaryimage"},"image":{"@id":"https:\/\/www.ergofast.se\/produkter\/#primaryimage"},"thumbnailUrl":"https:\/\/www.ergofast.se\/produkter\/wp-content\/uploads\/2020\/01\/MAX-e1578480801569.png","datePublished":"2014-12-25T06:27:01+00:00","dateModified":"2025-03-04T11:18:46+00:00","description":"Inf\u00e4stningsl\u00f6sningar och verktyg f\u00f6r effektivt byggande och ledande produkter fr\u00e5n MAX, Mefa, MKT och Holz Technic.","breadcrumb":{"@id":"https:\/\/www.ergofast.se\/produkter\/#breadcrumb"},"inLanguage":"sv-SE","potentialAction":[{"@type":"ReadAction","target":["https:\/\/www.ergofast.se\/produkter\/"]}]},{"@type":"ImageObject","inLanguage":"sv-SE","@id":"https:\/\/www.ergofast.se\/produkter\/#primaryimage","url":"https:\/\/www.ergofast.se\/produkter\/wp-content\/uploads\/2020\/01\/MAX-e1578480801569.png","contentUrl":"https:\/\/www.ergofast.se\/produkter\/wp-content\/uploads\/2020\/01\/MAX-e1578480801569.png","width":120,"height":62,"caption":"Max logotyp"},{"@type":"BreadcrumbList","@id":"https:\/\/www.ergofast.se\/produkter\/#breadcrumb","itemListElement":[{"@type":"ListItem","position":1,"name":"Hem","item":"https:\/\/www.ergofast.se\/produkter\/"},{"@type":"ListItem","position":2,"name":"Ergofast"}]},{"@type":"WebSite","@id":"https:\/\/www.ergofast.se\/produkter\/#website","url":"https:\/\/www.ergofast.se\/produkter\/","name":"Ergofast","description":"Pro Fastening Solutions","potentialAction":[{"@type":"SearchAction","target":{"@type":"EntryPoint","urlTemplate":"https:\/\/www.ergofast.se\/produkter\/?s={search_term_string}"},"query-input":{"@type":"PropertyValueSpecification","valueRequired":true,"valueName":"search_term_string"}}],"inLanguage":"sv-SE"}]}},"_links":{"self":[{"href":"https:\/\/www.ergofast.se\/produkter\/wp-json\/wp\/v2\/pages\/178","targetHints":{"allow":["GET"]}}],"collection":[{"href":"https:\/\/www.ergofast.se\/produkter\/wp-json\/wp\/v2\/pages"}],"about":[{"href":"https:\/\/www.ergofast.se\/produkter\/wp-json\/wp\/v2\/types\/page"}],"author":[{"embeddable":true,"href":"https:\/\/www.ergofast.se\/produkter\/wp-json\/wp\/v2\/users\/1"}],"replies":[{"embeddable":true,"href":"https:\/\/www.ergofast.se\/produkter\/wp-json\/wp\/v2\/comments?post=178"}],"version-history":[{"count":241,"href":"https:\/\/www.ergofast.se\/produkter\/wp-json\/wp\/v2\/pages\/178\/revisions"}],"predecessor-version":[{"id":7275,"href":"https:\/\/www.ergofast.se\/produkter\/wp-json\/wp\/v2\/pages\/178\/revisions\/7275"}],"wp:attachment":[{"href":"https:\/\/www.ergofast.se\/produkter\/wp-json\/wp\/v2\/media?parent=178"}],"curies":[{"name":"wp","href":"https:\/\/api.w.org\/{rel}","templated":true}]}}